{"id":9507,"date":"2023-06-29T19:23:44","date_gmt":"2023-06-29T19:23:44","guid":{"rendered":"https:\/\/thesavvylearning.com\/?page_id=9507"},"modified":"2023-07-10T15:28:04","modified_gmt":"2023-07-10T15:28:04","slug":"simulador","status":"publish","type":"page","link":"https:\/\/thesavvylearning.com\/pt\/simulador\/","title":{"rendered":"Simulador"},"content":{"rendered":"<div data-elementor-type=\"wp-page\" data-elementor-id=\"9507\" class=\"elementor elementor-9507\" data-elementor-post-type=\"page\">\n\t\t\t\t\t\t<header data-particle_enable=\"false\" data-particle-mobile-disabled=\"false\" class=\"elementor-section elementor-top-section elementor-element elementor-element-4d65c1e elementor-section-content-middle elementor-section-height-min-height elementor-section-boxed elementor-section-height-default elementor-section-items-middle elementor-invisible\" data-id=\"4d65c1e\" data-element_type=\"section\" data-settings=\"{&quot;background_background&quot;:&quot;classic&quot;,&quot;motion_fx_motion_fx_scrolling&quot;:&quot;yes&quot;,&quot;sticky&quot;:&quot;top&quot;,&quot;animation&quot;:&quot;bounceInDown&quot;,&quot;_ha_eqh_enable&quot;:false,&quot;motion_fx_devices&quot;:[&quot;desktop&quot;,&quot;tablet&quot;,&quot;mobile&quot;],&quot;sticky_on&quot;:[&quot;desktop&quot;,&quot;tablet&quot;,&quot;mobile&quot;],&quot;sticky_offset&quot;:0,&quot;sticky_effects_offset&quot;:0}\">\n\t\t\t\t\t\t<div class=\"elementor-container elementor-column-gap-no\">\n\t\t\t\t\t<div class=\"elementor-column elementor-col-50 elementor-top-column elementor-element elementor-element-38b31e6e\" data-id=\"38b31e6e\" data-element_type=\"column\">\n\t\t\t<div class=\"elementor-widget-wrap elementor-element-populated\">\n\t\t\t\t\t\t<div class=\"elementor-element elementor-element-57027047 elementor-widget elementor-widget-theme-site-logo elementor-widget-image\" data-id=\"57027047\" data-element_type=\"widget\" data-widget_type=\"theme-site-logo.default\">\n\t\t\t\t<div class=\"elementor-widget-container\">\n\t\t\t<style>\/*! elementor - v3.23.0 - 23-07-2024 *\/\n.elementor-widget-image{text-align:center}.elementor-widget-image a{display:inline-block}.elementor-widget-image a img[src$=\".svg\"]{width:48px}.elementor-widget-image img{vertical-align:middle;display:inline-block}<\/style>\t\t\t\t\t\t<a href=\"https:\/\/thesavvylearning.com\/pt\">\n\t\t\t<img fetchpriority=\"high\" width=\"6890\" height=\"1699\" src=\"https:\/\/i1.wp.com\/thesavvylearning.com\/wp-content\/uploads\/2024\/07\/logo-Savvy1.png?fit=6890%2C1699&amp;ssl=1\" class=\"attachment-full size-full wp-image-12496\" alt=\"\" srcset=\"https:\/\/i1.wp.com\/thesavvylearning.com\/wp-content\/uploads\/2024\/07\/logo-Savvy1.png?w=6890&amp;ssl=1 6890w, https:\/\/i1.wp.com\/thesavvylearning.com\/wp-content\/uploads\/2024\/07\/logo-Savvy1.png?resize=300%2C74&amp;ssl=1 300w, https:\/\/i1.wp.com\/thesavvylearning.com\/wp-content\/uploads\/2024\/07\/logo-Savvy1.png?resize=1024%2C253&amp;ssl=1 1024w, https:\/\/i1.wp.com\/thesavvylearning.com\/wp-content\/uploads\/2024\/07\/logo-Savvy1.png?resize=768%2C189&amp;ssl=1 768w, https:\/\/i1.wp.com\/thesavvylearning.com\/wp-content\/uploads\/2024\/07\/logo-Savvy1.png?resize=1536%2C379&amp;ssl=1 1536w, https:\/\/i1.wp.com\/thesavvylearning.com\/wp-content\/uploads\/2024\/07\/logo-Savvy1.png?resize=2048%2C505&amp;ssl=1 2048w, https:\/\/i1.wp.com\/thesavvylearning.com\/wp-content\/uploads\/2024\/07\/logo-Savvy1.png?resize=18%2C4&amp;ssl=1 18w, https:\/\/i1.wp.com\/thesavvylearning.com\/wp-content\/uploads\/2024\/07\/logo-Savvy1.png?resize=50%2C12&amp;ssl=1 50w, https:\/\/i1.wp.com\/thesavvylearning.com\/wp-content\/uploads\/2024\/07\/logo-Savvy1.png?w=1600&amp;ssl=1 1600w, https:\/\/i1.wp.com\/thesavvylearning.com\/wp-content\/uploads\/2024\/07\/logo-Savvy1.png?w=2400&amp;ssl=1 2400w\" sizes=\"(max-width: 800px) 100vw, 800px\" \/>\t\t\t\t<\/a>\n\t\t\t\t\t\t\t\t\t<\/div>\n\t\t\t\t<\/div>\n\t\t\t\t\t<\/div>\n\t\t<\/div>\n\t\t\t\t<div class=\"elementor-column elementor-col-50 elementor-top-column elementor-element elementor-element-5fe35e3\" data-id=\"5fe35e3\" data-element_type=\"column\">\n\t\t\t<div class=\"elementor-widget-wrap elementor-element-populated\">\n\t\t\t\t\t\t<div class=\"elementor-element elementor-element-781ca40c elementor-nav-menu__align-end elementor-nav-menu--stretch elementor-nav-menu--dropdown-tablet elementor-nav-menu__text-align-aside elementor-nav-menu--toggle elementor-nav-menu--burger elementor-widget elementor-widget-nav-menu\" data-id=\"781ca40c\" data-element_type=\"widget\" data-settings=\"{&quot;full_width&quot;:&quot;stretch&quot;,&quot;layout&quot;:&quot;horizontal&quot;,&quot;submenu_icon&quot;:{&quot;value&quot;:&quot;&lt;i class=\\&quot;fas fa-caret-down\\&quot;&gt;&lt;\\\/i&gt;&quot;,&quot;library&quot;:&quot;fa-solid&quot;},&quot;toggle&quot;:&quot;burger&quot;}\" data-widget_type=\"nav-menu.default\">\n\t\t\t\t<div class=\"elementor-widget-container\">\n\t\t\t<link rel=\"stylesheet\" href=\"https:\/\/thesavvylearning.com\/wp-content\/plugins\/elementor-pro\/assets\/css\/widget-nav-menu.min.css?ver=1721786500\">\t\t\t<nav aria-label=\"Menu\" class=\"elementor-nav-menu--main elementor-nav-menu__container elementor-nav-menu--layout-horizontal e--pointer-overline e--animation-fade\">\n\t\t\t\t<ul id=\"menu-1-781ca40c\" class=\"elementor-nav-menu\"><li class=\"menu-item menu-item-type-custom menu-item-object-custom menu-item-12501\"><a href=\"\/pt\/\" class=\"elementor-item\">Inicio<\/a><\/li>\n<li class=\"menu-item menu-item-type-custom menu-item-object-custom menu-item-8290\"><a href=\"https:\/\/thesavvylearning.com\/pt\/services-2\/\" class=\"elementor-item\">Servicios<\/a><\/li>\n<li class=\"menu-item menu-item-type-post_type menu-item-object-page menu-item-13089\"><a href=\"https:\/\/thesavvylearning.com\/pt\/about-2\/\" class=\"elementor-item\">Nosotros<\/a><\/li>\n<li class=\"menu-item menu-item-type-post_type menu-item-object-page menu-item-12503\"><a href=\"https:\/\/thesavvylearning.com\/pt\/contact\/\" class=\"elementor-item\">Contacto<\/a><\/li>\n<\/ul>\t\t\t<\/nav>\n\t\t\t\t\t<div class=\"elementor-menu-toggle\" role=\"button\" tabindex=\"0\" aria-label=\"Alternar menu\" aria-expanded=\"false\">\n\t\t\t<i aria-hidden=\"true\" role=\"presentation\" class=\"elementor-menu-toggle__icon--open eicon-menu-bar\"><\/i><i aria-hidden=\"true\" role=\"presentation\" class=\"elementor-menu-toggle__icon--close eicon-close\"><\/i>\t\t\t<span class=\"elementor-screen-only\">Menu<\/span>\n\t\t<\/div>\n\t\t\t\t\t<nav class=\"elementor-nav-menu--dropdown elementor-nav-menu__container\" aria-hidden=\"true\">\n\t\t\t\t<ul id=\"menu-2-781ca40c\" class=\"elementor-nav-menu\"><li class=\"menu-item menu-item-type-custom menu-item-object-custom menu-item-12501\"><a href=\"\/pt\/\" class=\"elementor-item\" tabindex=\"-1\">Inicio<\/a><\/li>\n<li class=\"menu-item menu-item-type-custom menu-item-object-custom menu-item-8290\"><a href=\"https:\/\/thesavvylearning.com\/pt\/services-2\/\" class=\"elementor-item\" tabindex=\"-1\">Servicios<\/a><\/li>\n<li class=\"menu-item menu-item-type-post_type menu-item-object-page menu-item-13089\"><a href=\"https:\/\/thesavvylearning.com\/pt\/about-2\/\" class=\"elementor-item\" tabindex=\"-1\">Nosotros<\/a><\/li>\n<li class=\"menu-item menu-item-type-post_type menu-item-object-page menu-item-12503\"><a href=\"https:\/\/thesavvylearning.com\/pt\/contact\/\" class=\"elementor-item\" tabindex=\"-1\">Contacto<\/a><\/li>\n<\/ul>\t\t\t<\/nav>\n\t\t\t\t<\/div>\n\t\t\t\t<\/div>\n\t\t\t\t\t<\/div>\n\t\t<\/div>\n\t\t\t\t\t<\/div>\n\t\t<\/header>\n\t\t\t\t<section data-particle_enable=\"false\" data-particle-mobile-disabled=\"false\" class=\"elementor-section elementor-top-section elementor-element elementor-element-886c298 elementor-section-full_width elementor-section-height-full elementor-section-items-top elementor-section-content-top elementor-section-height-default\" data-id=\"886c298\" data-element_type=\"section\" id=\"ICT-page1\" data-settings=\"{&quot;_ha_eqh_enable&quot;:false}\">\n\t\t\t\t\t\t<div class=\"elementor-container elementor-column-gap-no\">\n\t\t\t\t\t<div class=\"elementor-column elementor-col-100 elementor-top-column elementor-element elementor-element-7086231\" data-id=\"7086231\" data-element_type=\"column\">\n\t\t\t<div class=\"elementor-widget-wrap elementor-element-populated\">\n\t\t\t\t\t\t<div class=\"elementor-element elementor-element-6a358de elementor-widget elementor-widget-shortcode\" data-id=\"6a358de\" data-element_type=\"widget\" data-widget_type=\"shortcode.default\">\n\t\t\t\t<div class=\"elementor-widget-container\">\n\t\t\t\t\t<div class=\"elementor-shortcode\"><p><iframe src='\/wp-content\/uploads\/articulate_uploads\/Savvy-Simulador\/index_lms.html' width='100%' height='600px' frameborder='0' scrolling='no' class='articulate-iframe'><\/iframe><br\/><\/div>\n\t\t\t\t<\/div>\n\t\t\t\t<\/div>\n\t\t\t\t\t<\/div>\n\t\t<\/div>\n\t\t\t\t\t<\/div>\n\t\t<\/section>\n\t\t\t\t<\/div>","protected":false},"excerpt":{"rendered":"","protected":false},"author":1,"featured_media":0,"parent":0,"menu_order":0,"comment_status":"closed","ping_status":"closed","template":"essential-blocks-blank-template.php","meta":{"_eb_attr":"","spay_email":""},"acf":[],"jetpack-related-posts":[{"id":14238,"url":"https:\/\/thesavvylearning.com\/pt\/th-interactivos\/","url_meta":{"origin":9507,"position":0},"title":"TH-Interactivos","date":"setembro 2, 2024","format":false,"excerpt":"Formato RISE La estructura del contenido se conforma por lecciones distribuidas en m\u00f3dulos interactivos con diversos recursos did\u00e1cticos como: c\u00f3mics, im\u00e1genes, evaluaciones y videos. Formato Simulador Las simulaciones permiten el aprendizaje experimental en un entorno controlado,\u00a0 facilitando la toma de decisiones previa a escenarios reales, reduciendo significativamente el margen de\u2026","rel":"","context":"Post similar","img":{"alt_text":"","src":"","width":0,"height":0},"classes":[]},{"id":8845,"url":"https:\/\/thesavvylearning.com\/pt\/e-learnings\/","url_meta":{"origin":9507,"position":1},"title":"E-Learnings","date":"junho 15, 2023","format":false,"excerpt":"CONOCE Y VIVE LA EXPERIENCIA Story Game Descubre una forma divertida y emocionante de aprender proceso a trav\u00e9s de un \u00a1Story Game! Junto con Savvy, podr\u00e1s dise\u00f1ar tus propios personajes, crear mundos fascinantes y enfrentar desaf\u00edos \u00fanicos y personalizados, adaptados a cualquier proceso que desees convertir en una aventura virtual\u2026","rel":"","context":"Post similar","img":{"alt_text":"","src":"","width":0,"height":0},"classes":[]},{"id":12389,"url":"https:\/\/thesavvylearning.com\/pt\/services-2\/","url_meta":{"origin":9507,"position":2},"title":"Servicios","date":"julho 24, 2024","format":false,"excerpt":"\u00a1Vive la experiencia Savvy! Servicios Dise\u00f1amos e implementamos estrategias de capacitaci\u00f3n personalizadas, adaptadas a tus necesidades espec\u00edficas. Ofrecemos modalidades flexibles: presenciales y virtuales (s\u00edncronas o as\u00edncronas). Nuestra metodolog\u00eda de aprendizaje significativo coloca al usuario final en el centro del dise\u00f1o, partiendo de su contexto y metas, compartiendo herramientas que inspiran\u2026","rel":"","context":"Post similar","img":{"alt_text":"","src":"https:\/\/i0.wp.com\/thesavvylearning.com\/wp-content\/uploads\/2024\/08\/Logo-Savvy_meta.png?fit=1200%2C1200&ssl=1&resize=350%2C200","width":350,"height":200},"classes":[]}],"_links":{"self":[{"href":"https:\/\/thesavvylearning.com\/pt\/wp-json\/wp\/v2\/pages\/9507"}],"collection":[{"href":"https:\/\/thesavvylearning.com\/pt\/wp-json\/wp\/v2\/pages"}],"about":[{"href":"https:\/\/thesavvylearning.com\/pt\/wp-json\/wp\/v2\/types\/page"}],"author":[{"embeddable":true,"href":"https:\/\/thesavvylearning.com\/pt\/wp-json\/wp\/v2\/users\/1"}],"replies":[{"embeddable":true,"href":"https:\/\/thesavvylearning.com\/pt\/wp-json\/wp\/v2\/comments?post=9507"}],"version-history":[{"count":17,"href":"https:\/\/thesavvylearning.com\/pt\/wp-json\/wp\/v2\/pages\/9507\/revisions"}],"predecessor-version":[{"id":10105,"href":"https:\/\/thesavvylearning.com\/pt\/wp-json\/wp\/v2\/pages\/9507\/revisions\/10105"}],"wp:attachment":[{"href":"https:\/\/thesavvylearning.com\/pt\/wp-json\/wp\/v2\/media?parent=9507"}],"curies":[{"name":"wp","href":"https:\/\/api.w.org\/{rel}","templated":true}]}}