{"id":8990,"date":"2023-06-21T06:19:24","date_gmt":"2023-06-21T06:19:24","guid":{"rendered":"https:\/\/thesavvylearning.com\/?page_id=8990"},"modified":"2023-06-21T06:43:15","modified_gmt":"2023-06-21T06:43:15","slug":"ict-inbound-control-tower-portuguese","status":"publish","type":"page","link":"https:\/\/thesavvylearning.com\/pt\/ict-inbound-control-tower-portuguese\/","title":{"rendered":"ICT-Inbound Control Tower Portuguese"},"content":{"rendered":"<div data-elementor-type=\"wp-page\" data-elementor-id=\"8990\" class=\"elementor elementor-8990\" data-elementor-post-type=\"page\">\n\t\t\t\t\t\t<section data-particle_enable=\"false\" data-particle-mobile-disabled=\"false\" class=\"elementor-section elementor-top-section elementor-element elementor-element-886c298 elementor-section-full_width elementor-section-height-full elementor-section-items-top elementor-section-content-top elementor-section-height-default\" data-id=\"886c298\" data-element_type=\"section\" id=\"ICT-page1\" data-settings=\"{&quot;_ha_eqh_enable&quot;:false}\">\n\t\t\t\t\t\t<div class=\"elementor-container elementor-column-gap-no\">\n\t\t\t\t\t<div class=\"elementor-column elementor-col-100 elementor-top-column elementor-element elementor-element-7086231\" data-id=\"7086231\" data-element_type=\"column\">\n\t\t\t<div class=\"elementor-widget-wrap elementor-element-populated\">\n\t\t\t\t\t\t<div class=\"elementor-element elementor-element-6a358de elementor-widget elementor-widget-shortcode\" data-id=\"6a358de\" data-element_type=\"widget\" data-widget_type=\"shortcode.default\">\n\t\t\t\t<div class=\"elementor-widget-container\">\n\t\t\t\t\t<div class=\"elementor-shortcode\"><p><iframe src='\/wp-content\/uploads\/articulate_uploads\/ict-inbound-control-tower-portugues-scorm12-l7JMNTvq\/scormdriver\/indexAPI.html' width='100%' height='600px' frameborder='0' scrolling='no' class='articulate-iframe'><\/iframe><br\/><\/div>\n\t\t\t\t<\/div>\n\t\t\t\t<\/div>\n\t\t\t\t\t<\/div>\n\t\t<\/div>\n\t\t\t\t\t<\/div>\n\t\t<\/section>\n\t\t\t\t<\/div>","protected":false},"excerpt":{"rendered":"","protected":false},"author":1,"featured_media":0,"parent":0,"menu_order":0,"comment_status":"closed","ping_status":"closed","template":"essential-blocks-blank-template.php","meta":{"_eb_attr":"","spay_email":""},"acf":[],"jetpack-related-posts":[{"id":8167,"url":"https:\/\/thesavvylearning.com\/pt\/ict-inbound-control-tower-english\/","url_meta":{"origin":8990,"position":0},"title":"ICT-Inbound Control Tower English","date":"junho 6, 2023","format":false,"excerpt":"","rel":"","context":"Post similar","img":{"alt_text":"","src":"","width":0,"height":0},"classes":[]},{"id":8985,"url":"https:\/\/thesavvylearning.com\/pt\/ict-inbound-control-tower-spanish\/","url_meta":{"origin":8990,"position":1},"title":"ICT-Inbound Control Tower Spanish","date":"junho 21, 2023","format":false,"excerpt":"","rel":"","context":"Post similar","img":{"alt_text":"","src":"","width":0,"height":0},"classes":[]},{"id":8328,"url":"https:\/\/thesavvylearning.com\/pt\/elementor-8328\/","url_meta":{"origin":8990,"position":2},"title":"Elementor #8328","date":"junho 12, 2023","format":false,"excerpt":"","rel":"","context":"Post similar","img":{"alt_text":"","src":"","width":0,"height":0},"classes":[]},{"id":12400,"url":"https:\/\/thesavvylearning.com\/pt\/contact\/","url_meta":{"origin":8990,"position":3},"title":"Contacto","date":"julho 24, 2024","format":false,"excerpt":"Habla con un experto hoy Maryssa Salm\u00f3n Sales Operations Manager maryssa@thesavvylearning.com +52 55 5437 3646 Cont\u00e1ctanos Casos de \u00e9xito \u201cSi tuviera que resumir la fortaleza del equipo de Savvy, ser\u00eda, \u201cexpertos en crear WOW experiences.\u201d Bernab\u00e9 Jim\u00e9nez - Supply Chain Control Performance Sr. Manager \u201cEl profesionalismo, atenci\u00f3n al detalle y\u2026","rel":"","context":"Post similar","img":{"alt_text":"","src":"https:\/\/i0.wp.com\/thesavvylearning.com\/wp-content\/uploads\/2024\/08\/Logo-Savvy_meta.png?fit=1200%2C1200&ssl=1&resize=350%2C200","width":350,"height":200},"classes":[]},{"id":14238,"url":"https:\/\/thesavvylearning.com\/pt\/th-interactivos\/","url_meta":{"origin":8990,"position":4},"title":"TH-Interactivos","date":"setembro 2, 2024","format":false,"excerpt":"Formato RISE La estructura del contenido se conforma por lecciones distribuidas en m\u00f3dulos interactivos con diversos recursos did\u00e1cticos como: c\u00f3mics, im\u00e1genes, evaluaciones y videos. Formato Simulador Las simulaciones permiten el aprendizaje experimental en un entorno controlado,\u00a0 facilitando la toma de decisiones previa a escenarios reales, reduciendo significativamente el margen de\u2026","rel":"","context":"Post similar","img":{"alt_text":"","src":"","width":0,"height":0},"classes":[]},{"id":5242,"url":"https:\/\/thesavvylearning.com\/pt\/leader-innovation-lab-grupo-16\/","url_meta":{"origin":8990,"position":5},"title":"Leader Innovation LAB - Grupo 16","date":"agosto 12, 2022","format":false,"excerpt":"Expositor Si quieres impulsar la innovaci\u00f3n en tu equipo o \u00e1rea pero no sabes por d\u00f3nde ni como empezar, vas a aprender un proceso muy sencillo y f\u00e1cil de aplicar desde definir un reto, buscar inspiraci\u00f3n, generar y validar ideas, hasta venderlas y hacerlas realidad. Todo esto para que ma\u00f1ana\u2026","rel":"","context":"Post similar","img":{"alt_text":"","src":"https:\/\/i2.wp.com\/thesavvylearning.com\/wp-content\/uploads\/2022\/07\/Leader04-2web.png?resize=350%2C200","width":350,"height":200},"classes":[]}],"_links":{"self":[{"href":"https:\/\/thesavvylearning.com\/pt\/wp-json\/wp\/v2\/pages\/8990"}],"collection":[{"href":"https:\/\/thesavvylearning.com\/pt\/wp-json\/wp\/v2\/pages"}],"about":[{"href":"https:\/\/thesavvylearning.com\/pt\/wp-json\/wp\/v2\/types\/page"}],"author":[{"embeddable":true,"href":"https:\/\/thesavvylearning.com\/pt\/wp-json\/wp\/v2\/users\/1"}],"replies":[{"embeddable":true,"href":"https:\/\/thesavvylearning.com\/pt\/wp-json\/wp\/v2\/comments?post=8990"}],"version-history":[{"count":4,"href":"https:\/\/thesavvylearning.com\/pt\/wp-json\/wp\/v2\/pages\/8990\/revisions"}],"predecessor-version":[{"id":8994,"href":"https:\/\/thesavvylearning.com\/pt\/wp-json\/wp\/v2\/pages\/8990\/revisions\/8994"}],"wp:attachment":[{"href":"https:\/\/thesavvylearning.com\/pt\/wp-json\/wp\/v2\/media?parent=8990"}],"curies":[{"name":"wp","href":"https:\/\/api.w.org\/{rel}","templated":true}]}}