{"id":884,"date":"2022-07-19T00:02:13","date_gmt":"2022-07-19T00:02:13","guid":{"rendered":"https:\/\/thesavvylearning.com\/?page_id=884"},"modified":"2022-07-20T02:50:15","modified_gmt":"2022-07-20T02:50:15","slug":"leader-innovation-lab-grupo-15","status":"publish","type":"page","link":"https:\/\/thesavvylearning.com\/pt\/leader-innovation-lab-grupo-15\/","title":{"rendered":"Leader Innovation LAB &#8211; Grupo 15"},"content":{"rendered":"<div data-elementor-type=\"wp-page\" data-elementor-id=\"884\" class=\"elementor elementor-884\" data-elementor-post-type=\"page\">\n\t\t\t\t\t\t<section data-particle_enable=\"false\" data-particle-mobile-disabled=\"false\" class=\"elementor-section elementor-top-section elementor-element elementor-element-ae515e4 elementor-section-boxed elementor-section-height-default elementor-section-height-default\" data-id=\"ae515e4\" data-element_type=\"section\" data-settings=\"{&quot;_ha_eqh_enable&quot;:false}\">\n\t\t\t\t\t\t<div class=\"elementor-container elementor-column-gap-default\">\n\t\t\t\t\t<div class=\"elementor-column elementor-col-33 elementor-top-column elementor-element elementor-element-54f8407\" data-id=\"54f8407\" data-element_type=\"column\">\n\t\t\t<div class=\"elementor-widget-wrap elementor-element-populated\">\n\t\t\t\t\t\t<div class=\"elementor-element elementor-element-7183576 elementor-widget elementor-widget-image\" data-id=\"7183576\" data-element_type=\"widget\" data-widget_type=\"image.default\">\n\t\t\t\t<div class=\"elementor-widget-container\">\n\t\t\t<style>\/*! elementor - v3.23.0 - 23-07-2024 *\/\n.elementor-widget-image{text-align:center}.elementor-widget-image a{display:inline-block}.elementor-widget-image a img[src$=\".svg\"]{width:48px}.elementor-widget-image img{vertical-align:middle;display:inline-block}<\/style>\t\t\t\t\t\t\t\t\t\t<img fetchpriority=\"high\" width=\"600\" height=\"391\" src=\"https:\/\/i2.wp.com\/thesavvylearning.com\/wp-content\/uploads\/2022\/07\/Leader04-2web.png?fit=600%2C391&amp;ssl=1\" class=\"attachment-large size-large wp-image-533\" alt=\"\" srcset=\"https:\/\/i2.wp.com\/thesavvylearning.com\/wp-content\/uploads\/2022\/07\/Leader04-2web.png?w=600&amp;ssl=1 600w, https:\/\/i2.wp.com\/thesavvylearning.com\/wp-content\/uploads\/2022\/07\/Leader04-2web.png?resize=300%2C196&amp;ssl=1 300w, https:\/\/i2.wp.com\/thesavvylearning.com\/wp-content\/uploads\/2022\/07\/Leader04-2web.png?resize=50%2C33&amp;ssl=1 50w\" sizes=\"(max-width: 600px) 100vw, 600px\" \/>\t\t\t\t\t\t\t\t\t\t\t\t\t<\/div>\n\t\t\t\t<\/div>\n\t\t\t\t<div class=\"elementor-element elementor-element-26b5d33 elementor-widget elementor-widget-heading\" data-id=\"26b5d33\" data-element_type=\"widget\" data-widget_type=\"heading.default\">\n\t\t\t\t<div class=\"elementor-widget-container\">\n\t\t\t<style>\/*! elementor - v3.23.0 - 23-07-2024 *\/\n.elementor-heading-title{padding:0;margin:0;line-height:1}.elementor-widget-heading .elementor-heading-title[class*=elementor-size-]>a{color:inherit;font-size:inherit;line-height:inherit}.elementor-widget-heading .elementor-heading-title.elementor-size-small{font-size:15px}.elementor-widget-heading .elementor-heading-title.elementor-size-medium{font-size:19px}.elementor-widget-heading .elementor-heading-title.elementor-size-large{font-size:29px}.elementor-widget-heading .elementor-heading-title.elementor-size-xl{font-size:39px}.elementor-widget-heading .elementor-heading-title.elementor-size-xxl{font-size:59px}<\/style><h2 class=\"elementor-heading-title elementor-size-default\">Expositor<\/h2>\t\t<\/div>\n\t\t\t\t<\/div>\n\t\t\t\t<div class=\"elementor-element elementor-element-c7b6e52 elementor-author-box--image-valign-middle elementor-widget elementor-widget-author-box\" data-id=\"c7b6e52\" data-element_type=\"widget\" data-widget_type=\"author-box.default\">\n\t\t\t\t<div class=\"elementor-widget-container\">\n\t\t\t<link rel=\"stylesheet\" href=\"https:\/\/thesavvylearning.com\/wp-content\/plugins\/elementor-pro\/assets\/css\/widget-theme-elements.min.css?ver=1721786500\">\t\t<div class=\"elementor-author-box\">\n\t\t\t\t\t\t\t<div  class=\"elementor-author-box__avatar\">\n\t\t\t\t\t<img src=\"https:\/\/i2.wp.com\/thesavvylearning.com\/wp-content\/uploads\/2022\/07\/daphne2.jpg?fit=300%2C300&#038;ssl=1\" alt=\"Foto de Daphne Leger\" loading=\"lazy\">\n\t\t\t\t<\/div>\n\t\t\t\n\t\t\t<div class=\"elementor-author-box__text\">\n\t\t\t\t\t\t\t\t\t<div >\n\t\t\t\t\t\t<h5 class=\"elementor-author-box__name\">\n\t\t\t\t\t\t\tDaphne Leger\t\t\t\t\t\t<\/h5>\n\t\t\t\t\t<\/div>\n\t\t\t\t\n\t\t\t\t\t\t\t\t\t<div class=\"elementor-author-box__bio\">\n\t\t\t\t\t\t<p>Experta en Innovaci\u00f3n<\/p>\n\t\t\t\t\t<\/div>\n\t\t\t\t\n\t\t\t\t\t\t\t<\/div>\n\t\t<\/div>\n\t\t\t\t<\/div>\n\t\t\t\t<\/div>\n\t\t\t\t<div class=\"elementor-element elementor-element-e029583 elementor-widget elementor-widget-text-editor\" data-id=\"e029583\" data-element_type=\"widget\" data-widget_type=\"text-editor.default\">\n\t\t\t\t<div class=\"elementor-widget-container\">\n\t\t\t<style>\/*! elementor - v3.23.0 - 23-07-2024 *\/\n.elementor-widget-text-editor.elementor-drop-cap-view-stacked .elementor-drop-cap{background-color:#69727d;color:#fff}.elementor-widget-text-editor.elementor-drop-cap-view-framed .elementor-drop-cap{color:#69727d;border:3px solid;background-color:transparent}.elementor-widget-text-editor:not(.elementor-drop-cap-view-default) .elementor-drop-cap{margin-top:8px}.elementor-widget-text-editor:not(.elementor-drop-cap-view-default) .elementor-drop-cap-letter{width:1em;height:1em}.elementor-widget-text-editor .elementor-drop-cap{float:left;text-align:center;line-height:1;font-size:50px}.elementor-widget-text-editor .elementor-drop-cap-letter{display:inline-block}<\/style>\t\t\t\t<p><span style=\"caret-color: #7a7a7a; color: #7a7a7a;\">Si quieres impulsar la innovaci\u00f3n en tu equipo o \u00e1rea pero no sabes por d\u00f3nde ni como empezar, vas a aprender un proceso muy sencillo y f\u00e1cil de aplicar desde definir un reto, buscar inspiraci\u00f3n, generar y validar ideas, hasta venderlas y hacerlas realidad. Todo esto para que ma\u00f1ana puedas convertirte en un l\u00edder innovador de alto impacto en esta empresa y en tu vida en general.<\/span><\/p>\t\t\t\t\t\t<\/div>\n\t\t\t\t<\/div>\n\t\t\t\t<div class=\"elementor-element elementor-element-d207410 elementor-widget elementor-widget-eael-lightbox\" data-id=\"d207410\" data-element_type=\"widget\" data-widget_type=\"eael-lightbox.default\">\n\t\t\t\t<div class=\"elementor-widget-container\">\n\t\t\t\n\n\t\t<div data-lightbox-type=\"lightbox_type_template\" data-lightbox-type-url=\"\" data-lightbox-trigger-pageload=\"1\" data-lightbox-closebtn-color=\"#ffffff\" class=\"eael-lightbox-wrapper\" data-trigger=\"eael_lightbox_trigger_button\" data-lightbox-id=\"lightbox_69d6ceac22330\" data-type=\"inline\" data-src=\"#eael-lightbox-window-69d6ceac22330\" data-popup-layout=\"eael-lightbox-popup-standard\" data-main-class=\"eael-lightbox-modal-popup-d207410\" data-close_button=\"yes\" data-esc_exit=\"yes\" data-click_exit=\"yes\" data-effect=\"animated \" data-trigger-element=\".eael-modal-popup-link-69d6ceac22330\">\n\t\t\t<div class=\"eael-lightbox-btn\">\n\t\t\t\t<span id=\"btn-eael-lightbox-69d6ceac22330\" class=\"eael-modal-popup-button eael-modal-popup-link eael-modal-popup-link-69d6ceac22330 elementor-button elementor-size-xs\"><span class=\"open-pop-up-button-icon-left eael-lightbox-button-svg-icon\"><i class=\"fas fa-info-circle\"><\/i><\/span>Conoce a tu experto<\/span>\t\t\t<\/div><!-- close .eael-lightbox-btn -->\n\t\t<\/div>\n\n\t\t<div class=\"eael-lightbox-popup-window eael-lightbox-popup-window-d207410 lightbox_type_template\" id=\"eael-lightbox-window-69d6ceac22330\">\n\t\t\t<div class=\"eael-lightbox-container\">\n\t\t\t\t<style>.elementor-773 .elementor-element.elementor-element-0faf961 > .elementor-container > .elementor-column > .elementor-widget-wrap{align-content:center;align-items:center;}.elementor-773 .elementor-element.elementor-element-0faf961:not(.elementor-motion-effects-element-type-background), .elementor-773 .elementor-element.elementor-element-0faf961 > .elementor-motion-effects-container > .elementor-motion-effects-layer{background-image:url(\"https:\/\/i0.wp.com\/thesavvylearning.com\/wp-content\/uploads\/2022\/07\/FONDO-GENE\u0301RICO.jpeg?fit=1920%2C1080&ssl=1\");background-position:center right;}.elementor-773 .elementor-element.elementor-element-0faf961 > .elementor-background-overlay{background-color:#FFFFFF;background-image:url(\"https:\/\/i0.wp.com\/thesavvylearning.com\/wp-content\/uploads\/2022\/07\/FONDO-GENE\u0301RICO.jpeg?fit=1920%2C1080&ssl=1\");background-position:top center;opacity:0.5;transition:background 0.3s, border-radius 0.3s, opacity 0.3s;}.elementor-773 .elementor-element.elementor-element-0faf961{transition:background 0.3s, border 0.3s, border-radius 0.3s, box-shadow 0.3s;}.elementor-773 .elementor-element.elementor-element-e184e3d:not(.elementor-motion-effects-element-type-background) > .elementor-widget-wrap, .elementor-773 .elementor-element.elementor-element-e184e3d > .elementor-widget-wrap > .elementor-motion-effects-container > .elementor-motion-effects-layer{background-image:url(\"https:\/\/i0.wp.com\/thesavvylearning.com\/wp-content\/uploads\/2022\/07\/daphne1.jpg?fit=1200%2C675&ssl=1\");background-position:center center;background-repeat:no-repeat;background-size:cover;}.elementor-773 .elementor-element.elementor-element-e184e3d > .elementor-element-populated{transition:background 0.3s, border 0.3s, border-radius 0.3s, box-shadow 0.3s;}.elementor-773 .elementor-element.elementor-element-e184e3d > .elementor-element-populated > .elementor-background-overlay{transition:background 0.3s, border-radius 0.3s, opacity 0.3s;}.elementor-773 .elementor-element.elementor-element-32829e4 .elementor-heading-title{color:#FFFFFF;}<\/style>\t\t<div data-elementor-type=\"page\" data-elementor-id=\"773\" class=\"elementor elementor-773\" data-elementor-post-type=\"elementor_library\">\n\t\t\t\t\t\t<section data-particle_enable=\"false\" data-particle-mobile-disabled=\"false\" class=\"elementor-section elementor-top-section elementor-element elementor-element-0faf961 elementor-section-content-middle elementor-section-boxed elementor-section-height-default elementor-section-height-default\" data-id=\"0faf961\" data-element_type=\"section\" data-settings=\"{&quot;background_background&quot;:&quot;classic&quot;,&quot;_ha_eqh_enable&quot;:false}\">\n\t\t\t\t\t\t\t<div class=\"elementor-background-overlay\"><\/div>\n\t\t\t\t\t\t\t<div class=\"elementor-container elementor-column-gap-default\">\n\t\t\t\t\t<div class=\"elementor-column elementor-col-33 elementor-top-column elementor-element elementor-element-e184e3d\" data-id=\"e184e3d\" data-element_type=\"column\" data-settings=\"{&quot;background_background&quot;:&quot;classic&quot;}\">\n\t\t\t<div class=\"elementor-widget-wrap\">\n\t\t\t\t\t\t\t<\/div>\n\t\t<\/div>\n\t\t\t\t<div class=\"elementor-column elementor-col-66 elementor-top-column elementor-element elementor-element-5d05f4f\" data-id=\"5d05f4f\" data-element_type=\"column\">\n\t\t\t<div class=\"elementor-widget-wrap elementor-element-populated\">\n\t\t\t\t\t\t<div class=\"elementor-element elementor-element-32829e4 elementor-widget elementor-widget-heading\" data-id=\"32829e4\" data-element_type=\"widget\" data-widget_type=\"heading.default\">\n\t\t\t\t<div class=\"elementor-widget-container\">\n\t\t\t<h2 class=\"elementor-heading-title elementor-size-default\"><span class=\"elementor-heading-title elementor-size-default\" style=\"caret-color: rgb(0, 0, 0); text-transform: none; white-space: normal; font-family: &quot;DM Sans&quot;, sans-serif; line-height: 1; font-size: 2rem;\">Conoce a Daphne Leger<\/span><\/h2>\t\t<\/div>\n\t\t\t\t<\/div>\n\t\t\t\t<div class=\"elementor-element elementor-element-216029b elementor-widget elementor-widget-text-editor\" data-id=\"216029b\" data-element_type=\"widget\" data-widget_type=\"text-editor.default\">\n\t\t\t\t<div class=\"elementor-widget-container\">\n\t\t\t\t\t\t\t<p style=\"caret-color: #7a7a7a; color: #7a7a7a; font-family: 'DM Sans', sans-serif; font-size: 12px;\"><span style=\"color: #ffffff;\">Ha formado a m\u00faltiples expertos para impulsarlos a hacer una innovaci\u00f3n m\u00e1s audaz e impactante.\u00a0<\/span><\/p><p style=\"caret-color: #7a7a7a; color: #7a7a7a; font-family: 'DM Sans', sans-serif; font-size: 12px;\"><span style=\"color: #ffffff;\">Experta en:\u00a0<\/span><\/p><ul style=\"font-size: 12px; caret-color: #7a7a7a; color: #7a7a7a; font-family: 'DM Sans', sans-serif;\"><li style=\"font-size: 12px;\" aria-level=\"1\"><span style=\"color: #ffffff;\">Puestos de liderazgo<\/span><\/li><li style=\"font-size: 12px;\" aria-level=\"1\"><span style=\"color: #ffffff;\">Entornos corporativos\u00a0<\/span><\/li><li style=\"font-size: 12px;\" aria-level=\"1\"><span style=\"color: #ffffff;\">Sectores de tecnolog\u00eda<\/span><\/li><li style=\"font-size: 12px;\" aria-level=\"1\"><span style=\"color: #ffffff;\">Salud y entretenimiento<\/span><\/li><\/ul><p style=\"caret-color: #7a7a7a; color: #7a7a7a; font-family: 'DM Sans', sans-serif; font-size: 12px;\"><span style=\"color: #ffffff;\">Es profesora universitaria, entrenadora y mentora para emprendimiento e innovaci\u00f3n.<\/span><\/p>\t\t\t\t\t\t<\/div>\n\t\t\t\t<\/div>\n\t\t\t\t\t<\/div>\n\t\t<\/div>\n\t\t\t\t\t<\/div>\n\t\t<\/section>\n\t\t\t\t<\/div>\n\t\t\n\n\t\t\t<\/div>\n\t\t<\/div>\n\t\t<\/div>\n\t\t\t\t<\/div>\n\t\t\t\t<div class=\"elementor-element elementor-element-eea5308 elementor-widget elementor-widget-button\" data-id=\"eea5308\" data-element_type=\"widget\" data-widget_type=\"button.default\">\n\t\t\t\t<div class=\"elementor-widget-container\">\n\t\t\t\t\t<div class=\"elementor-button-wrapper\">\n\t\t\t<a class=\"elementor-button elementor-button-link elementor-size-sm\" href=\"https:\/\/thesavvylearning.com\/pt\/tle2022\/\">\n\t\t\t\t\t\t<span class=\"elementor-button-content-wrapper\">\n\t\t\t\t\t\t<span class=\"elementor-button-icon\">\n\t\t\t\t<i aria-hidden=\"true\" class=\"fas fa-arrow-left\"><\/i>\t\t\t<\/span>\n\t\t\t\t\t\t\t\t\t<span class=\"elementor-button-text\">Regresar<\/span>\n\t\t\t\t\t<\/span>\n\t\t\t\t\t<\/a>\n\t\t<\/div>\n\t\t\t\t<\/div>\n\t\t\t\t<\/div>\n\t\t\t\t\t<\/div>\n\t\t<\/div>\n\t\t\t\t<div class=\"elementor-column elementor-col-66 elementor-top-column elementor-element elementor-element-86816ff\" data-id=\"86816ff\" data-element_type=\"column\">\n\t\t\t<div class=\"elementor-widget-wrap elementor-element-populated\">\n\t\t\t\t\t\t<div class=\"elementor-element elementor-element-088e81c eael-gravity-form-button-custom elementor-widget elementor-widget-eael-gravity-form\" data-id=\"088e81c\" data-element_type=\"widget\" data-widget_type=\"eael-gravity-form.default\">\n\t\t\t\t<div class=\"elementor-widget-container\">\n\t\t\t            <div class=\"eael-contact-form eael-gravity-form eael-contact-form-align-default\">\n                                <p>Es necesario que inicies session<\/p>            <\/div>\n            \t\t<\/div>\n\t\t\t\t<\/div>\n\t\t\t\t<div class=\"elementor-element elementor-element-d339b59 elementor-widget elementor-widget-text-editor\" data-id=\"d339b59\" data-element_type=\"widget\" data-widget_type=\"text-editor.default\">\n\t\t\t\t<div class=\"elementor-widget-container\">\n\t\t\t\t\t\t\t<h5>M\u00e1s Informaci\u00f3n<\/h5><p><strong>Fechas<\/strong><\/p><p>\u00a0 26\/08\/22 10 a 13 h<\/p><p><span style=\"caret-color: #800080; color: #800080; font-family: 'DM Sans', sans-serif;\">Objetivo<\/span><strong><br \/><\/strong><\/p><p><span style=\"caret-color: #7a7a7a; color: #7a7a7a; font-family: 'DM Sans', sans-serif;\">En Leader Innovation Lab aprender\u00e1s que que la innovaci\u00f3n nunca parte de cero y que se vale copiar y tomar ideas de otros contextos, hacerlas nuestras porque es as\u00ed como podemos inspirarnos para innovar.<\/span><\/p>\t\t\t\t\t\t<\/div>\n\t\t\t\t<\/div>\n\t\t\t\t\t<\/div>\n\t\t<\/div>\n\t\t\t\t\t<\/div>\n\t\t<\/section>\n\t\t\t\t<\/div>","protected":false},"excerpt":{"rendered":"<p>Expositor Si quieres impulsar la innovaci\u00f3n en tu equipo o \u00e1rea pero no sabes por d\u00f3nde ni como empezar, vas a aprender un proceso muy sencillo y f\u00e1cil de aplicar desde definir un reto, buscar inspiraci\u00f3n, generar y validar ideas, hasta venderlas y hacerlas realidad. Todo esto para que ma\u00f1ana puedas convertirte en un l\u00edder [&hellip;]<\/p>","protected":false},"author":1,"featured_media":0,"parent":0,"menu_order":0,"comment_status":"closed","ping_status":"closed","template":"","meta":{"_eb_attr":"","spay_email":""},"acf":[],"jetpack-related-posts":[{"id":7618,"url":"https:\/\/thesavvylearning.com\/pt\/servicios-booking\/","url_meta":{"origin":884,"position":0},"title":"Servicios Booking","date":"maio 9, 2023","format":false,"excerpt":"Los horarios de las sesiones se muestran en la hora central de M\u00e9xico. Cada curso tiene duraci\u00f3n de 4 horas. Si tienes alguna duda con tu registro, escribe a dataverse@thesavvylearning.com","rel":"","context":"Post similar","img":{"alt_text":"","src":"","width":0,"height":0},"classes":[]},{"id":12400,"url":"https:\/\/thesavvylearning.com\/pt\/contact\/","url_meta":{"origin":884,"position":1},"title":"Contacto","date":"julho 24, 2024","format":false,"excerpt":"Habla con un experto hoy Maryssa Salm\u00f3n Sales Operations Manager maryssa@thesavvylearning.com +52 55 5437 3646 Cont\u00e1ctanos Casos de \u00e9xito \u201cSi tuviera que resumir la fortaleza del equipo de Savvy, ser\u00eda, \u201cexpertos en crear WOW experiences.\u201d Bernab\u00e9 Jim\u00e9nez - Supply Chain Control Performance Sr. Manager \u201cEl profesionalismo, atenci\u00f3n al detalle y\u2026","rel":"","context":"Post similar","img":{"alt_text":"","src":"https:\/\/i0.wp.com\/thesavvylearning.com\/wp-content\/uploads\/2024\/08\/Logo-Savvy_meta.png?fit=1200%2C1200&ssl=1&resize=350%2C200","width":350,"height":200},"classes":[]},{"id":10123,"url":"https:\/\/thesavvylearning.com\/pt\/callbackoutlook\/","url_meta":{"origin":884,"position":2},"title":"callbackOutlook","date":"julho 12, 2023","format":false,"excerpt":"Autorizaci\u00f3n de accesoa tu calendario Ingresa la p\u00e1gina anterior y has clic nuevamente en agregar al calendario","rel":"","context":"Post similar","img":{"alt_text":"","src":"https:\/\/i2.wp.com\/thesavvylearning.com\/wp-content\/uploads\/2023\/07\/Microsoft_Office_Outlook-1024x952.png?resize=350%2C200","width":350,"height":200},"classes":[]},{"id":12384,"url":"https:\/\/thesavvylearning.com\/pt\/about-2\/","url_meta":{"origin":884,"position":3},"title":"Impacto","date":"julho 24, 2024","format":false,"excerpt":"Prop\u00f3sito Nuestro prop\u00f3sito es desarrollar a personas a trav\u00e9s de soluciones de capacitaci\u00f3n, buscando mejorar continuamente las habilidades y competencias de los equipos, optimizando el desempe\u00f1o organizacional y fomentando un crecimiento integral. Agenda una llamada Nosotros Contamos con un equipo con m\u00e1s de 12 a\u00f1os de experiencia. Fernanda Salm\u00f3n Founder\u2026","rel":"","context":"Post similar","img":{"alt_text":"","src":"https:\/\/i0.wp.com\/thesavvylearning.com\/wp-content\/uploads\/2024\/08\/Logo-Savvy_meta.png?fit=1200%2C1200&ssl=1&resize=350%2C200","width":350,"height":200},"classes":[]},{"id":632,"url":"https:\/\/thesavvylearning.com\/pt\/leader-innovation-lab-grupo-11\/","url_meta":{"origin":884,"position":4},"title":"Leader Innovation LAB - Grupo 11","date":"julho 18, 2022","format":false,"excerpt":"Expositor Si quieres impulsar la innovaci\u00f3n en tu equipo o \u00e1rea pero no sabes por d\u00f3nde ni como empezar, vas a aprender un proceso muy sencillo y f\u00e1cil de aplicar desde definir un reto, buscar inspiraci\u00f3n, generar y validar ideas, hasta venderlas y hacerlas realidad. Todo esto para que ma\u00f1ana\u2026","rel":"","context":"Post similar","img":{"alt_text":"","src":"https:\/\/i2.wp.com\/thesavvylearning.com\/wp-content\/uploads\/2022\/07\/Leader04-2web.png?resize=350%2C200","width":350,"height":200},"classes":[]},{"id":866,"url":"https:\/\/thesavvylearning.com\/pt\/leader-innovation-lab-grupo-12\/","url_meta":{"origin":884,"position":5},"title":"Leader Innovation LAB - Grupo 12","date":"julho 18, 2022","format":false,"excerpt":"Expositor Si quieres impulsar la innovaci\u00f3n en tu equipo o \u00e1rea pero no sabes por d\u00f3nde ni como empezar, vas a aprender un proceso muy sencillo y f\u00e1cil de aplicar desde definir un reto, buscar inspiraci\u00f3n, generar y validar ideas, hasta venderlas y hacerlas realidad. Todo esto para que ma\u00f1ana\u2026","rel":"","context":"Post similar","img":{"alt_text":"","src":"https:\/\/i2.wp.com\/thesavvylearning.com\/wp-content\/uploads\/2022\/07\/Leader04-2web.png?resize=350%2C200","width":350,"height":200},"classes":[]}],"_links":{"self":[{"href":"https:\/\/thesavvylearning.com\/pt\/wp-json\/wp\/v2\/pages\/884"}],"collection":[{"href":"https:\/\/thesavvylearning.com\/pt\/wp-json\/wp\/v2\/pages"}],"about":[{"href":"https:\/\/thesavvylearning.com\/pt\/wp-json\/wp\/v2\/types\/page"}],"author":[{"embeddable":true,"href":"https:\/\/thesavvylearning.com\/pt\/wp-json\/wp\/v2\/users\/1"}],"replies":[{"embeddable":true,"href":"https:\/\/thesavvylearning.com\/pt\/wp-json\/wp\/v2\/comments?post=884"}],"version-history":[{"count":13,"href":"https:\/\/thesavvylearning.com\/pt\/wp-json\/wp\/v2\/pages\/884\/revisions"}],"predecessor-version":[{"id":1078,"href":"https:\/\/thesavvylearning.com\/pt\/wp-json\/wp\/v2\/pages\/884\/revisions\/1078"}],"wp:attachment":[{"href":"https:\/\/thesavvylearning.com\/pt\/wp-json\/wp\/v2\/media?parent=884"}],"curies":[{"name":"wp","href":"https:\/\/api.w.org\/{rel}","templated":true}]}}