{"id":807,"date":"2022-07-18T21:30:32","date_gmt":"2022-07-18T21:30:32","guid":{"rendered":"https:\/\/thesavvylearning.com\/?page_id=807"},"modified":"2022-07-20T02:12:14","modified_gmt":"2022-07-20T02:12:14","slug":"megabrain-grupo-12","status":"publish","type":"page","link":"https:\/\/thesavvylearning.com\/pt\/megabrain-grupo-12\/","title":{"rendered":"MegaBrain &#8211; Grupo 12"},"content":{"rendered":"<div data-elementor-type=\"wp-page\" data-elementor-id=\"807\" class=\"elementor elementor-807\" data-elementor-post-type=\"page\">\n\t\t\t\t\t\t<section data-particle_enable=\"false\" data-particle-mobile-disabled=\"false\" class=\"elementor-section elementor-top-section elementor-element elementor-element-ae515e4 elementor-section-boxed elementor-section-height-default elementor-section-height-default\" data-id=\"ae515e4\" data-element_type=\"section\" data-settings=\"{&quot;_ha_eqh_enable&quot;:false}\">\n\t\t\t\t\t\t<div class=\"elementor-container elementor-column-gap-default\">\n\t\t\t\t\t<div class=\"elementor-column elementor-col-33 elementor-top-column elementor-element elementor-element-54f8407\" data-id=\"54f8407\" data-element_type=\"column\">\n\t\t\t<div class=\"elementor-widget-wrap elementor-element-populated\">\n\t\t\t\t\t\t<div class=\"elementor-element elementor-element-7183576 elementor-widget elementor-widget-image\" data-id=\"7183576\" data-element_type=\"widget\" data-widget_type=\"image.default\">\n\t\t\t\t<div class=\"elementor-widget-container\">\n\t\t\t<style>\/*! elementor - v3.23.0 - 23-07-2024 *\/\n.elementor-widget-image{text-align:center}.elementor-widget-image a{display:inline-block}.elementor-widget-image a img[src$=\".svg\"]{width:48px}.elementor-widget-image img{vertical-align:middle;display:inline-block}<\/style>\t\t\t\t\t\t\t\t\t\t<img fetchpriority=\"high\" width=\"800\" height=\"826\" src=\"https:\/\/i0.wp.com\/thesavvylearning.com\/wp-content\/uploads\/2022\/07\/MEGA_BRAIN3-web.png?fit=800%2C826&amp;ssl=1\" class=\"attachment-large size-large wp-image-356\" alt=\"\" srcset=\"https:\/\/i0.wp.com\/thesavvylearning.com\/wp-content\/uploads\/2022\/07\/MEGA_BRAIN3-web.png?w=1200&amp;ssl=1 1200w, https:\/\/i0.wp.com\/thesavvylearning.com\/wp-content\/uploads\/2022\/07\/MEGA_BRAIN3-web.png?resize=291%2C300&amp;ssl=1 291w, https:\/\/i0.wp.com\/thesavvylearning.com\/wp-content\/uploads\/2022\/07\/MEGA_BRAIN3-web.png?resize=992%2C1024&amp;ssl=1 992w, https:\/\/i0.wp.com\/thesavvylearning.com\/wp-content\/uploads\/2022\/07\/MEGA_BRAIN3-web.png?resize=768%2C793&amp;ssl=1 768w, https:\/\/i0.wp.com\/thesavvylearning.com\/wp-content\/uploads\/2022\/07\/MEGA_BRAIN3-web.png?resize=48%2C50&amp;ssl=1 48w\" sizes=\"(max-width: 800px) 100vw, 800px\" \/>\t\t\t\t\t\t\t\t\t\t\t\t\t<\/div>\n\t\t\t\t<\/div>\n\t\t\t\t<div class=\"elementor-element elementor-element-26b5d33 elementor-widget elementor-widget-heading\" data-id=\"26b5d33\" data-element_type=\"widget\" data-widget_type=\"heading.default\">\n\t\t\t\t<div class=\"elementor-widget-container\">\n\t\t\t<style>\/*! elementor - v3.23.0 - 23-07-2024 *\/\n.elementor-heading-title{padding:0;margin:0;line-height:1}.elementor-widget-heading .elementor-heading-title[class*=elementor-size-]>a{color:inherit;font-size:inherit;line-height:inherit}.elementor-widget-heading .elementor-heading-title.elementor-size-small{font-size:15px}.elementor-widget-heading .elementor-heading-title.elementor-size-medium{font-size:19px}.elementor-widget-heading .elementor-heading-title.elementor-size-large{font-size:29px}.elementor-widget-heading .elementor-heading-title.elementor-size-xl{font-size:39px}.elementor-widget-heading .elementor-heading-title.elementor-size-xxl{font-size:59px}<\/style><h2 class=\"elementor-heading-title elementor-size-default\">expositor<\/h2>\t\t<\/div>\n\t\t\t\t<\/div>\n\t\t\t\t<div class=\"elementor-element elementor-element-c7b6e52 elementor-author-box--image-valign-middle elementor-widget elementor-widget-author-box\" data-id=\"c7b6e52\" data-element_type=\"widget\" data-widget_type=\"author-box.default\">\n\t\t\t\t<div class=\"elementor-widget-container\">\n\t\t\t<link rel=\"stylesheet\" href=\"https:\/\/thesavvylearning.com\/wp-content\/plugins\/elementor-pro\/assets\/css\/widget-theme-elements.min.css?ver=1721786500\">\t\t<div class=\"elementor-author-box\">\n\t\t\t\t\t\t\t<div  class=\"elementor-author-box__avatar\">\n\t\t\t\t\t<img src=\"https:\/\/i1.wp.com\/thesavvylearning.com\/wp-content\/uploads\/2022\/07\/ricardo-enriquez.jpeg?fit=300%2C300&#038;ssl=1\" alt=\"Foto de Ricardo Enr\u00edquez Duarte\" loading=\"lazy\">\n\t\t\t\t<\/div>\n\t\t\t\n\t\t\t<div class=\"elementor-author-box__text\">\n\t\t\t\t\t\t\t\t\t<div >\n\t\t\t\t\t\t<h5 class=\"elementor-author-box__name\">\n\t\t\t\t\t\t\tRicardo Enr\u00edquez Duarte\t\t\t\t\t\t<\/h5>\n\t\t\t\t\t<\/div>\n\t\t\t\t\n\t\t\t\t\t\t\t\t\t<div class=\"elementor-author-box__bio\">\n\t\t\t\t\t\t<p>Multiplier of Admirable Leaders<\/p>\n\t\t\t\t\t<\/div>\n\t\t\t\t\n\t\t\t\t\t\t\t<\/div>\n\t\t<\/div>\n\t\t\t\t<\/div>\n\t\t\t\t<\/div>\n\t\t\t\t<div class=\"elementor-element elementor-element-e029583 elementor-widget elementor-widget-text-editor\" data-id=\"e029583\" data-element_type=\"widget\" data-widget_type=\"text-editor.default\">\n\t\t\t\t<div class=\"elementor-widget-container\">\n\t\t\t<style>\/*! elementor - v3.23.0 - 23-07-2024 *\/\n.elementor-widget-text-editor.elementor-drop-cap-view-stacked .elementor-drop-cap{background-color:#69727d;color:#fff}.elementor-widget-text-editor.elementor-drop-cap-view-framed .elementor-drop-cap{color:#69727d;border:3px solid;background-color:transparent}.elementor-widget-text-editor:not(.elementor-drop-cap-view-default) .elementor-drop-cap{margin-top:8px}.elementor-widget-text-editor:not(.elementor-drop-cap-view-default) .elementor-drop-cap-letter{width:1em;height:1em}.elementor-widget-text-editor .elementor-drop-cap{float:left;text-align:center;line-height:1;font-size:50px}.elementor-widget-text-editor .elementor-drop-cap-letter{display:inline-block}<\/style>\t\t\t\t<p><b>MegaBrain\u00ae <\/b>m\u00e1s que una capacitaci\u00f3n, es una metodolog\u00eda moderna que diversas empresas est\u00e1n aplicado con \u00e9xito para crear sinergia, agilidad y mejores resultados. Ricardo Enr\u00edquez cree firmemente en este tema, mismo que lo ha ido perfeccionando e implementado con diversos clientes y a lo largo de su carrera; adem\u00e1s a\u00fan es un t\u00f3pico que no ha sido muy estudiado o presentado en diversos pa\u00edses de habla hispana u otras lenguas.<\/p>\t\t\t\t\t\t<\/div>\n\t\t\t\t<\/div>\n\t\t\t\t<div class=\"elementor-element elementor-element-76638c4 elementor-widget elementor-widget-eael-lightbox\" data-id=\"76638c4\" data-element_type=\"widget\" data-widget_type=\"eael-lightbox.default\">\n\t\t\t\t<div class=\"elementor-widget-container\">\n\t\t\t\n\n\t\t<div data-lightbox-type=\"lightbox_type_template\" data-lightbox-type-url=\"\" data-lightbox-trigger-pageload=\"1\" data-lightbox-closebtn-color=\"#ffffff\" class=\"eael-lightbox-wrapper\" data-trigger=\"eael_lightbox_trigger_button\" data-lightbox-id=\"lightbox_69e15e9a164d8\" data-type=\"inline\" data-src=\"#eael-lightbox-window-69e15e9a164d8\" data-popup-layout=\"eael-lightbox-popup-standard\" data-main-class=\"eael-lightbox-modal-popup-76638c4\" data-close_button=\"yes\" data-esc_exit=\"yes\" data-click_exit=\"yes\" data-effect=\"animated \" data-trigger-element=\".eael-modal-popup-link-69e15e9a164d8\">\n\t\t\t<div class=\"eael-lightbox-btn\">\n\t\t\t\t<span id=\"btn-eael-lightbox-69e15e9a164d8\" class=\"eael-modal-popup-button eael-modal-popup-link eael-modal-popup-link-69e15e9a164d8 elementor-button elementor-size-xs\"><span class=\"open-pop-up-button-icon-left eael-lightbox-button-svg-icon\"><i class=\"fas fa-info-circle\"><\/i><\/span>Conoce a tu experto<\/span>\t\t\t<\/div><!-- close .eael-lightbox-btn -->\n\t\t<\/div>\n\n\t\t<div class=\"eael-lightbox-popup-window eael-lightbox-popup-window-76638c4 lightbox_type_template\" id=\"eael-lightbox-window-69e15e9a164d8\">\n\t\t\t<div class=\"eael-lightbox-container\">\n\t\t\t\t<style>.elementor-783 .elementor-element.elementor-element-0faf961 > .elementor-container > .elementor-column > .elementor-widget-wrap{align-content:center;align-items:center;}.elementor-783 .elementor-element.elementor-element-0faf961:not(.elementor-motion-effects-element-type-background), .elementor-783 .elementor-element.elementor-element-0faf961 > .elementor-motion-effects-container > .elementor-motion-effects-layer{background-image:url(\"https:\/\/i0.wp.com\/thesavvylearning.com\/wp-content\/uploads\/2022\/07\/FONDO-GENE\u0301RICO.jpeg?fit=1920%2C1080&ssl=1\");background-position:center right;}.elementor-783 .elementor-element.elementor-element-0faf961 > .elementor-background-overlay{background-color:#FFFFFF;background-image:url(\"https:\/\/i0.wp.com\/thesavvylearning.com\/wp-content\/uploads\/2022\/07\/FONDO-GENE\u0301RICO.jpeg?fit=1920%2C1080&ssl=1\");background-position:top center;opacity:0.5;transition:background 0.3s, border-radius 0.3s, opacity 0.3s;}.elementor-783 .elementor-element.elementor-element-0faf961{transition:background 0.3s, border 0.3s, border-radius 0.3s, box-shadow 0.3s;}.elementor-783 .elementor-element.elementor-element-e184e3d:not(.elementor-motion-effects-element-type-background) > .elementor-widget-wrap, .elementor-783 .elementor-element.elementor-element-e184e3d > .elementor-widget-wrap > .elementor-motion-effects-container > .elementor-motion-effects-layer{background-image:url(\"https:\/\/i1.wp.com\/thesavvylearning.com\/wp-content\/uploads\/2022\/07\/ricardo-enriquez.jpeg?fit=300%2C300&ssl=1\");background-position:center center;background-repeat:no-repeat;background-size:cover;}.elementor-783 .elementor-element.elementor-element-e184e3d > .elementor-element-populated{transition:background 0.3s, border 0.3s, border-radius 0.3s, box-shadow 0.3s;padding:2em 2em 2em 2em;}.elementor-783 .elementor-element.elementor-element-e184e3d > .elementor-element-populated > .elementor-background-overlay{transition:background 0.3s, border-radius 0.3s, opacity 0.3s;}.elementor-783 .elementor-element.elementor-element-32829e4 .elementor-heading-title{color:#FFFFFF;}<\/style>\t\t<div data-elementor-type=\"page\" data-elementor-id=\"783\" class=\"elementor elementor-783\" data-elementor-post-type=\"elementor_library\">\n\t\t\t\t\t\t<section data-particle_enable=\"false\" data-particle-mobile-disabled=\"false\" class=\"elementor-section elementor-top-section elementor-element elementor-element-0faf961 elementor-section-content-middle elementor-section-boxed elementor-section-height-default elementor-section-height-default\" data-id=\"0faf961\" data-element_type=\"section\" data-settings=\"{&quot;background_background&quot;:&quot;classic&quot;,&quot;_ha_eqh_enable&quot;:false}\">\n\t\t\t\t\t\t\t<div class=\"elementor-background-overlay\"><\/div>\n\t\t\t\t\t\t\t<div class=\"elementor-container elementor-column-gap-default\">\n\t\t\t\t\t<div class=\"elementor-column elementor-col-33 elementor-top-column elementor-element elementor-element-e184e3d\" data-id=\"e184e3d\" data-element_type=\"column\" data-settings=\"{&quot;background_background&quot;:&quot;classic&quot;}\">\n\t\t\t<div class=\"elementor-widget-wrap\">\n\t\t\t\t\t\t\t<\/div>\n\t\t<\/div>\n\t\t\t\t<div class=\"elementor-column elementor-col-66 elementor-top-column elementor-element elementor-element-5d05f4f\" data-id=\"5d05f4f\" data-element_type=\"column\">\n\t\t\t<div class=\"elementor-widget-wrap elementor-element-populated\">\n\t\t\t\t\t\t<div class=\"elementor-element elementor-element-32829e4 elementor-widget elementor-widget-heading\" data-id=\"32829e4\" data-element_type=\"widget\" data-widget_type=\"heading.default\">\n\t\t\t\t<div class=\"elementor-widget-container\">\n\t\t\t<h2 class=\"elementor-heading-title elementor-size-default\">Conoce a Ricardo Duarte<\/h2>\t\t<\/div>\n\t\t\t\t<\/div>\n\t\t\t\t<div class=\"elementor-element elementor-element-216029b elementor-widget elementor-widget-text-editor\" data-id=\"216029b\" data-element_type=\"widget\" data-widget_type=\"text-editor.default\">\n\t\t\t\t<div class=\"elementor-widget-container\">\n\t\t\t\t\t\t\t<p><span style=\"color: #ffffff;\">Experto en:\u00a0<\/span><\/p><ul><li aria-level=\"1\"><span style=\"color: #ffffff;\">Digital<\/span><\/li><li aria-level=\"1\"><span style=\"color: #ffffff;\">Liderazgo<\/span><\/li><li aria-level=\"1\"><span style=\"color: #ffffff;\">Inteligencia artificial<\/span><\/li><li aria-level=\"1\"><span style=\"color: #ffffff;\">Nuevas generaciones<\/span><\/li><li aria-level=\"1\"><span style=\"color: #ffffff;\">Agilidad de resultados<\/span><\/li><li aria-level=\"1\"><span style=\"color: #ffffff;\">Creaci\u00f3n de estrategias para mercados diversos<\/span><\/li><\/ul><p>\u00a0<\/p><p><span style=\"color: #ffffff;\">Legal HR Strategic Management in US en Cornell University.<\/span><\/p><p><span style=\"color: #ffffff;\">Actual Fundador y CEO de Gift Group en M\u00e9xico y USA. 1er Centro de Excelencia, Aceleraci\u00f3n e Inclusi\u00f3n de Millennials, Gen Zers y L\u00edderes de todas las generaciones.<\/span><\/p><p><span style=\"color: #ffffff;\">Premio AMCO a la mejor comunicaci\u00f3n del pa\u00eds 2008<\/span><\/p><p><span style=\"color: #ffffff;\">Mejor Ejecutivo Joven del a\u00f1o. Players of Life<\/span><\/p>\t\t\t\t\t\t<\/div>\n\t\t\t\t<\/div>\n\t\t\t\t\t<\/div>\n\t\t<\/div>\n\t\t\t\t\t<\/div>\n\t\t<\/section>\n\t\t\t\t<\/div>\n\t\t\n\n\t\t\t<\/div>\n\t\t<\/div>\n\t\t<\/div>\n\t\t\t\t<\/div>\n\t\t\t\t<div class=\"elementor-element elementor-element-eea5308 elementor-widget elementor-widget-button\" data-id=\"eea5308\" data-element_type=\"widget\" data-widget_type=\"button.default\">\n\t\t\t\t<div class=\"elementor-widget-container\">\n\t\t\t\t\t<div class=\"elementor-button-wrapper\">\n\t\t\t<a class=\"elementor-button elementor-button-link elementor-size-sm\" href=\"https:\/\/thesavvylearning.com\/pt\/tle2022\/\">\n\t\t\t\t\t\t<span class=\"elementor-button-content-wrapper\">\n\t\t\t\t\t\t<span class=\"elementor-button-icon\">\n\t\t\t\t<i aria-hidden=\"true\" class=\"fas fa-arrow-left\"><\/i>\t\t\t<\/span>\n\t\t\t\t\t\t\t\t\t<span class=\"elementor-button-text\">Regresar<\/span>\n\t\t\t\t\t<\/span>\n\t\t\t\t\t<\/a>\n\t\t<\/div>\n\t\t\t\t<\/div>\n\t\t\t\t<\/div>\n\t\t\t\t\t<\/div>\n\t\t<\/div>\n\t\t\t\t<div class=\"elementor-column elementor-col-66 elementor-top-column elementor-element elementor-element-86816ff\" data-id=\"86816ff\" data-element_type=\"column\">\n\t\t\t<div class=\"elementor-widget-wrap elementor-element-populated\">\n\t\t\t\t\t\t<div class=\"elementor-element elementor-element-088e81c eael-gravity-form-button-custom elementor-widget elementor-widget-eael-gravity-form\" data-id=\"088e81c\" data-element_type=\"widget\" data-widget_type=\"eael-gravity-form.default\">\n\t\t\t\t<div class=\"elementor-widget-container\">\n\t\t\t            <div class=\"eael-contact-form eael-gravity-form eael-contact-form-align-default\">\n                                <p>Es necesario que inicies session<\/p>            <\/div>\n            \t\t<\/div>\n\t\t\t\t<\/div>\n\t\t\t\t<div class=\"elementor-element elementor-element-d339b59 elementor-widget elementor-widget-text-editor\" data-id=\"d339b59\" data-element_type=\"widget\" data-widget_type=\"text-editor.default\">\n\t\t\t\t<div class=\"elementor-widget-container\">\n\t\t\t\t\t\t\t<h5>M\u00e1s Informaci\u00f3n<\/h5><p><strong>Fechas<\/strong><\/p><p>\u00a011\/08\/2022 10 a 13 hrs<\/p><p><strong>Objetivo<\/strong><\/p><p>Pasar de trabajar en equipo a solucionar en equipo y agilizar resultados basados en Data, Digital Era &amp; AI.<\/p>\t\t\t\t\t\t<\/div>\n\t\t\t\t<\/div>\n\t\t\t\t\t<\/div>\n\t\t<\/div>\n\t\t\t\t\t<\/div>\n\t\t<\/section>\n\t\t\t\t<\/div>","protected":false},"excerpt":{"rendered":"<p>expositor MegaBrain\u00ae m\u00e1s que una capacitaci\u00f3n, es una metodolog\u00eda moderna que diversas empresas est\u00e1n aplicado con \u00e9xito para crear sinergia, agilidad y mejores resultados. Ricardo Enr\u00edquez cree firmemente en este tema, mismo que lo ha ido perfeccionando e implementado con diversos clientes y a lo largo de su carrera; adem\u00e1s a\u00fan es un t\u00f3pico que [&hellip;]<\/p>","protected":false},"author":1,"featured_media":0,"parent":0,"menu_order":0,"comment_status":"closed","ping_status":"closed","template":"","meta":{"_eb_attr":"","spay_email":""},"acf":[],"jetpack-related-posts":[{"id":6807,"url":"https:\/\/thesavvylearning.com\/pt\/landing-temp\/","url_meta":{"origin":807,"position":0},"title":"landing temp","date":"novembro 4, 2022","format":false,"excerpt":"","rel":"","context":"Post similar","img":{"alt_text":"","src":"https:\/\/i2.wp.com\/thesavvylearning.com\/wp-content\/uploads\/2022\/11\/PROXIMAMENTE-web-1045x523-1-1024x512.png?resize=350%2C200","width":350,"height":200},"classes":[]},{"id":6805,"url":"https:\/\/thesavvylearning.com\/pt\/contraloria\/","url_meta":{"origin":807,"position":1},"title":"contralor\u00eda","date":"novembro 4, 2022","format":false,"excerpt":"Detalles del evento CROQUIS DEL HOTEL","rel":"","context":"Post similar","img":{"alt_text":"","src":"https:\/\/i1.wp.com\/thesavvylearning.com\/wp-content\/uploads\/2022\/11\/control-lead-1024x308.png?resize=350%2C200","width":350,"height":200},"classes":[]},{"id":229,"url":"https:\/\/thesavvylearning.com\/pt\/tle\/","url_meta":{"origin":807,"position":2},"title":"TLE","date":"julho 15, 2022","format":false,"excerpt":"Bienvenido a The Learning Experience 2022. Por favor inicia sesi\u00f3n o reg\u00edstrate para inscribirte a los cursos Ir al Escritorio","rel":"","context":"Post similar","img":{"alt_text":"","src":"https:\/\/i1.wp.com\/thesavvylearning.com\/wp-content\/uploads\/2022\/07\/TLE-WEB.png?resize=350%2C200","width":350,"height":200},"classes":[]},{"id":7618,"url":"https:\/\/thesavvylearning.com\/pt\/servicios-booking\/","url_meta":{"origin":807,"position":3},"title":"Servicios Booking","date":"maio 9, 2023","format":false,"excerpt":"Los horarios de las sesiones se muestran en la hora central de M\u00e9xico. Cada curso tiene duraci\u00f3n de 4 horas. Si tienes alguna duda con tu registro, escribe a dataverse@thesavvylearning.com","rel":"","context":"Post similar","img":{"alt_text":"","src":"","width":0,"height":0},"classes":[]},{"id":632,"url":"https:\/\/thesavvylearning.com\/pt\/leader-innovation-lab-grupo-11\/","url_meta":{"origin":807,"position":4},"title":"Leader Innovation LAB - Grupo 11","date":"julho 18, 2022","format":false,"excerpt":"Expositor Si quieres impulsar la innovaci\u00f3n en tu equipo o \u00e1rea pero no sabes por d\u00f3nde ni como empezar, vas a aprender un proceso muy sencillo y f\u00e1cil de aplicar desde definir un reto, buscar inspiraci\u00f3n, generar y validar ideas, hasta venderlas y hacerlas realidad. Todo esto para que ma\u00f1ana\u2026","rel":"","context":"Post similar","img":{"alt_text":"","src":"https:\/\/i2.wp.com\/thesavvylearning.com\/wp-content\/uploads\/2022\/07\/Leader04-2web.png?resize=350%2C200","width":350,"height":200},"classes":[]},{"id":866,"url":"https:\/\/thesavvylearning.com\/pt\/leader-innovation-lab-grupo-12\/","url_meta":{"origin":807,"position":5},"title":"Leader Innovation LAB - Grupo 12","date":"julho 18, 2022","format":false,"excerpt":"Expositor Si quieres impulsar la innovaci\u00f3n en tu equipo o \u00e1rea pero no sabes por d\u00f3nde ni como empezar, vas a aprender un proceso muy sencillo y f\u00e1cil de aplicar desde definir un reto, buscar inspiraci\u00f3n, generar y validar ideas, hasta venderlas y hacerlas realidad. Todo esto para que ma\u00f1ana\u2026","rel":"","context":"Post similar","img":{"alt_text":"","src":"https:\/\/i2.wp.com\/thesavvylearning.com\/wp-content\/uploads\/2022\/07\/Leader04-2web.png?resize=350%2C200","width":350,"height":200},"classes":[]}],"_links":{"self":[{"href":"https:\/\/thesavvylearning.com\/pt\/wp-json\/wp\/v2\/pages\/807"}],"collection":[{"href":"https:\/\/thesavvylearning.com\/pt\/wp-json\/wp\/v2\/pages"}],"about":[{"href":"https:\/\/thesavvylearning.com\/pt\/wp-json\/wp\/v2\/types\/page"}],"author":[{"embeddable":true,"href":"https:\/\/thesavvylearning.com\/pt\/wp-json\/wp\/v2\/users\/1"}],"replies":[{"embeddable":true,"href":"https:\/\/thesavvylearning.com\/pt\/wp-json\/wp\/v2\/comments?post=807"}],"version-history":[{"count":13,"href":"https:\/\/thesavvylearning.com\/pt\/wp-json\/wp\/v2\/pages\/807\/revisions"}],"predecessor-version":[{"id":1047,"href":"https:\/\/thesavvylearning.com\/pt\/wp-json\/wp\/v2\/pages\/807\/revisions\/1047"}],"wp:attachment":[{"href":"https:\/\/thesavvylearning.com\/pt\/wp-json\/wp\/v2\/media?parent=807"}],"curies":[{"name":"wp","href":"https:\/\/api.w.org\/{rel}","templated":true}]}}