{"id":7618,"date":"2023-05-09T00:20:51","date_gmt":"2023-05-09T00:20:51","guid":{"rendered":"https:\/\/thesavvylearning.com\/?page_id=7618"},"modified":"2023-11-14T17:00:50","modified_gmt":"2023-11-14T17:00:50","slug":"servicios-booking","status":"publish","type":"page","link":"https:\/\/thesavvylearning.com\/pt\/servicios-booking\/","title":{"rendered":"Servicios Booking"},"content":{"rendered":"<div data-elementor-type=\"wp-page\" data-elementor-id=\"7618\" class=\"elementor elementor-7618\" data-elementor-post-type=\"page\">\n\t\t\t\t\t\t<section data-particle_enable=\"false\" data-particle-mobile-disabled=\"false\" class=\"elementor-section elementor-top-section elementor-element elementor-element-fb310c1 elementor-section-boxed elementor-section-height-default elementor-section-height-default\" data-id=\"fb310c1\" data-element_type=\"section\" data-settings=\"{&quot;_ha_eqh_enable&quot;:false}\">\n\t\t\t\t\t\t<div class=\"elementor-container elementor-column-gap-default\">\n\t\t\t\t\t<div class=\"elementor-column elementor-col-100 elementor-top-column elementor-element elementor-element-a1dd337\" data-id=\"a1dd337\" data-element_type=\"column\">\n\t\t\t<div class=\"elementor-widget-wrap elementor-element-populated\">\n\t\t\t\t\t\t<div class=\"elementor-element elementor-element-8a4445f elementor-widget elementor-widget-image\" data-id=\"8a4445f\" data-element_type=\"widget\" data-widget_type=\"image.default\">\n\t\t\t\t<div class=\"elementor-widget-container\">\n\t\t\t<style>\/*! elementor - v3.23.0 - 23-07-2024 *\/\n.elementor-widget-image{text-align:center}.elementor-widget-image a{display:inline-block}.elementor-widget-image a img[src$=\".svg\"]{width:48px}.elementor-widget-image img{vertical-align:middle;display:inline-block}<\/style>\t\t\t\t\t\t\t\t\t\t<img src=\"https:\/\/i1.wp.com\/thesavvylearning.com\/wp-content\/uploads\/elementor\/thumbs\/Base-landing-dividido-09-q6obhn9dfkvvp1jvragey7sc87eqw4llbu11mpxdkq.png?w=800&#038;ssl=1\" title=\"Base landing dividido-09\" alt=\"Base landing dividido-09\" loading=\"lazy\" data-recalc-dims=\"1\" \/>\t\t\t\t\t\t\t\t\t\t\t\t\t<\/div>\n\t\t\t\t<\/div>\n\t\t\t\t\t<\/div>\n\t\t<\/div>\n\t\t\t\t\t<\/div>\n\t\t<\/section>\n\t\t\t\t<section data-particle_enable=\"false\" data-particle-mobile-disabled=\"false\" class=\"elementor-section elementor-top-section elementor-element elementor-element-d418cab elementor-section-boxed elementor-section-height-default elementor-section-height-default\" data-id=\"d418cab\" data-element_type=\"section\" data-settings=\"{&quot;_ha_eqh_enable&quot;:false}\">\n\t\t\t\t\t\t<div class=\"elementor-container elementor-column-gap-default\">\n\t\t\t\t\t<div class=\"elementor-column elementor-col-100 elementor-top-column elementor-element elementor-element-b4ee76e\" data-id=\"b4ee76e\" data-element_type=\"column\">\n\t\t\t<div class=\"elementor-widget-wrap elementor-element-populated\">\n\t\t\t\t\t\t<div class=\"elementor-element elementor-element-32980e0 elementor-widget elementor-widget-shortcode\" data-id=\"32980e0\" data-element_type=\"widget\" data-widget_type=\"shortcode.default\">\n\t\t\t\t<div class=\"elementor-widget-container\">\n\t\t\t\t\t<div class=\"elementor-shortcode\"><div><div class=\"thesavvy-booking-form-element current-step-contact hidden-buttons latepoint-color-blue latepoint-border-radius-rounded\">\n\n    <div class=\"thesavvy-form-w\">\n        <form class=\"thesavvy-form\" data-selected-label=\"Selected\" data-route-name=\"StepsSavvy__get_step\" action=\"#\" data-trp-original-action=\"#\">\n\n            <div class=\"thesavvy-body\">                \n                <div class=\"step-contact-w latepoint-step-content\" data-step-name=\"contact\">\n  <div class=\"text-center\">\n    <h5 class=\"title-special-orange\">Junte-se ao Dataverse e fa\u00e7a parte<\/h5>\n    <h5 class=\"title-special-orange\">da hist\u00f3ria da PepsiCo<\/h5>\n    <div style=\"display: flex;justify-content: center;\">\n      <div>\n        <p class=\"text-white description-start\" style=\"padding-top: 1em;\">\n          Est\u00e1 a um passo de aprender a tomar melhores <br class=\"sm-hidden\">decis\u00f5es baseadas em dados.\n        <\/p>\n        <p class=\"text-white description-start\" style=\"margin-top: 1em;line-height: 1.5;\">\n          Garanta o seu lugar inscrevendo-se atrav\u00e9s do <br class=\"sm-hidden\">ormul\u00e1rio que segue. Receber\u00e1 uma confirma\u00e7\u00e3o do seu <br class=\"sm-hidden\">registo depois de preenchido.\n        <\/p>\n      <\/div>\n    <\/div>\n\n    <h5 class=\"text-white text-title-step-contact title-special-orange\">\n      Benef\u00edcios do curso\n    <\/h5>\n    <div style=\"overflow-x: auto;    -webkit-overflow-scrolling: touch;\">\n      <table id=\"table-beneficios\" >\n        <tr>\n          <td style=\"border-top: none; border-left: none;\">\n            <img src=\"https:\/\/i0.wp.com\/thesavvylearning.com\/wp-content\/uploads\/2023\/06\/Base-landing-dividido-01.png?w=800\" alt=\"Imagen 1\" class=\"logo-beneficio\" data-recalc-dims=\"1\">\n            <p class=\"text-white\" style=\"margin: 0; font-size: 11px;\">Aprender\u00e1 o<\/p>\n            <p class=\"text-white\" style=\"margin: 0; font-size: 11px;\"><b>poder do People Analytics.<\/b><\/p>\n          <\/td>\n          <td style=\"border-top: none;\" >\n              <img src=\"https:\/\/i2.wp.com\/thesavvylearning.com\/wp-content\/uploads\/2023\/06\/Base-landing-dividido-02.png?w=800\" alt=\"Imagen 2\" class=\"logo-beneficio\" data-recalc-dims=\"1\">\n              <p class=\"text-white\" style=\"margin: 0; font-size: 11px;\">Aumentar\u00e1s<\/p>\n              <h5 class=\"text-white\" style=\"margin: 0;\"><strong>25%<\/strong><\/h5>\n              <p class=\"text-white\" style=\"margin: 0; font-size: 11px;\">a <b class=\"text-white\">produtividade<\/b><\/p>\n          <\/td>\n          <td style=\"border-top: none;\">\n            <img src=\"https:\/\/i1.wp.com\/thesavvylearning.com\/wp-content\/uploads\/2023\/06\/Base-landing-dividido-03.png?w=800\" alt=\"Imagen 3\" class=\"logo-beneficio\" data-recalc-dims=\"1\">          \n            <p class=\"text-white\" style=\"margin: 0;font-size: 11px;\">Acelerar o recrutamento<\/p>\n            <h5 class=\"text-white\" style=\"margin: 0;\"><strong>4<\/strong><\/h5>              \n            <p class=\"text-white\" style=\"margin: 0;font-size: 11px;\">vezes mais r\u00e1pido<\/p>\n\n          <\/td>\n          <td style=\"border-top: none; border-right: none;\">\n            <img src=\"https:\/\/i2.wp.com\/thesavvylearning.com\/wp-content\/uploads\/2023\/06\/Base-landing-dividido-04.png?w=800\" alt=\"Imagen 4\" class=\"logo-beneficio\" data-recalc-dims=\"1\">\n            <p class=\"text-white\" style=\"margin: 0;font-size: 11px;\"><b>Conhecimentos<\/b> e <b>ferramentas<\/b> para melhores decis\u00f5es de neg\u00f3cio.<\/p>\n          <\/td>\n        <\/tr>\n        <tr>\n          <td style=\"border-bottom: none; border-left: none;\" >\n            <img src=\"https:\/\/i1.wp.com\/thesavvylearning.com\/wp-content\/uploads\/2023\/06\/Base-landing-dividido-06.png?w=800\" alt=\"Imagen 5\" class=\"logo-beneficio\" data-recalc-dims=\"1\">\n            <p class=\"text-white\" style=\"margin: 0;font-size: 11px;\"><b>Melhor<\/b> compreens\u00e3o sobre a <b>rotatividade<\/b>.<\/p>            \n          <\/td>\n          <td style=\"border-bottom: none;\" >\n            <img src=\"https:\/\/i0.wp.com\/thesavvylearning.com\/wp-content\/uploads\/2023\/06\/Base-landing-dividido-05.png?w=800\" alt=\"Imagen 6\" class=\"logo-beneficio\" data-recalc-dims=\"1\">\n            <p class=\"text-white\" style=\"font-size: 11px;\">Refor\u00e7ar as <b>estrat\u00e9gias<\/b> de <b>neg\u00f3cio<\/b>.<\/p>\n          <\/td>\n          <td style=\"border-bottom: none;\" >\n            <img src=\"https:\/\/i1.wp.com\/thesavvylearning.com\/wp-content\/uploads\/2023\/06\/Base-landing-dividido-07.png?w=800\" alt=\"Imagen 7\" class=\"logo-beneficio\" data-recalc-dims=\"1\">\n            <p class=\"text-white\" style=\"font-size: 11px;\"><b>Antecipar<\/b> potenciais fugas de talento.<\/p>\n          <\/td>\n          <td style=\"border-bottom: none; border-right: none;\">\n            <img src=\"https:\/\/i1.wp.com\/thesavvylearning.com\/wp-content\/uploads\/2023\/06\/Base-landing-dividido-08.png?w=800\" alt=\"Imagen 8\" class=\"logo-beneficio\" data-recalc-dims=\"1\">            \n            <p class=\"text-white\" style=\"font-size: 11px;\">Ser\u00e1 <b>um l\u00edder<\/b> da <b>cultura data-driven na HR.lento<\/b>.<\/p>\n          <\/td>\n        <\/tr>\n      <\/table>\n    <\/div>\n\n  <\/div>\n  <section id=\"registration\" class=\"galactic-border\">\n\n    <section id=\"form-new-register\">\n                    <div class=\"form-group\">\n          <input type=\"text\" id=\"nombre-completo\" name=\"customer[first_name]\" placeholder=\"Nombre Completo:\" required>\n        <\/div>\n        <div class=\"form-group\">\n          <input type=\"text\" id=\"gpid\" name=\"customer[gpid]\" placeholder=\"GPID:\" required>\n        <\/div>\n        <div class=\"form-group\">          \n          <select name=\"customer[area]\" required>\n            <option value=\"\"> Selecciona tu OU<\/option>\n            <option value=\"ANDINOS\">ANDINOS<\/option><option value=\"CARICAM\">CARICAM<\/option><option value=\"SOCO\">SOCO<\/option><option value=\"PMF\">PMF<\/option><option value=\"PBF\">PBF<\/option><option value=\"HR OPS\">HR OPS<\/option><option value=\"MBS\">MBS<\/option><option value=\"LATAM\">LATAM<\/option>          <\/select>\n        <\/div>\n\n        <div class=\"form-group\">\n          <input type=\"email\" id=\"correo\" name=\"customer[email]\" placeholder=\"Correo:\" required>\n        <\/div>\n\n        <div class=\"form-group\">\n          <select name=\"customer[level]\" required>\n            <option value=\"\"> Selecciona tu nivel<\/option>\n            <option value=\"L7\">L7<\/option><option value=\"L8\">L8<\/option><option value=\"L9\">L9<\/option><option value=\"L10\">L10<\/option><option value=\"L11\">L11<\/option><option value=\"LG+\">LG+<\/option>          <\/select>\n        <\/div>\n\n        <div class=\"form-group\">\n          <select name=\"customer[country]\" id=\"customer_country_form\" required>\n            <option value=\"\"> Seleccionar pa\u00eds<\/option>\n            <option value=\"M\u00e9xico\">M\u00e9xico<\/option><option value=\"Brasil\">Brasil<\/option><option value=\"Latinoam\u00e9rica\">Latinoam\u00e9rica<\/option>          <\/select>\n        <\/div>\n\n        <div class=\"form-group\" id=\"form-group-secction-modalidad\">\n\n        <\/div>\n\n      \n      <button class=\"btn-contact bg-btn-gradient\" type=\"submit\" style=\"border: none !important;font-size: 19px;font-weight: 900;\">INSCRIBIRME<\/button>\n              <!--<a href=\"#\" class=\"link-to-login  text-center text-white text-family\" style=\"display: block; padding-top: 2em;\">\u00bfYa tienes una cuenta?<\/a>-->\n      \n    <\/section>\n    <section id=\"form-login-user\" style=\"display: none;\">\n      <div class=\"os-step-tab-content os-step-existing-customer-login-w\">\n        <div class=\"os-row\">\n          <div class=\"os-col-12\" ><div class =\"os-form-group os-form-group-transparent os-form-textfield-group\"><label for=\"customer_login_email\">Your Email Address<\/label><input type=\"text\" placeholder=\"Your Email Address\" name=\"customer_login[email]\" value=\"\" class=\"required os-form-control\" id=\"customer_login_email\" \/><\/div><\/div>          <div class=\"os-col-12\" ><div class=\"os-form-group os-form-group-transparent os-form-textfield-group\" ><label for=\"customer_login_password\">Your Password<\/label><input type=\"password\" placeholder=\"Your Password\" name=\"customer_login[password]\" value=\"\" class=\"required os-form-control\" id=\"customer_login_password\" \/><\/div><\/div>        <\/div>\n        <div class=\"os-form-buttons os-flex os-space-between\" style=\"padding-top: 1em;\">\n          <a data-btn-action=\"auth__login_customer\" href=\"#\" class=\"latepoint-btn latepoint-btn-primary step-login-customer-btn\">Log Me In<\/a>\n        <\/div>\n      <\/div>\n    <\/section>\n  <\/section>\n<\/div>            <\/div>\n            <div class=\"thesavvy-footer\">\n                <a href=\"#\" class=\"latepoint-btn latepoint-btn-white thesavvy-prev-btn disabled\"><i class=\"latepoint-icon-arrow-2-left\"><\/i> <span>Back<\/span><\/a>\n                <a href=\"#\" class=\"latepoint-btn latepoint-btn-primary thesavvy-next-btn disabled\" data-pre-last-step-label=\"Submit\" data-label=\"Next Step\"><span>Next Step<\/span> <i class=\"latepoint-icon-arrow-2-right\"><\/i><\/a>\n                <input type=\"hidden\" name=\"booking[generated_form_id]\" value=\"3d9852bd\" class=\"latepoint_generated_form_id\" \/><input type=\"hidden\" name=\"current_step\" value=\"contact\" class=\"latepoint_current_step\" \/><input type=\"hidden\" name=\"step_direction\" value=\"next\" class=\"latepoint_step_direction\" \/><input type=\"hidden\" name=\"booking[service_id]\" value=\"\" class=\"latepoint_service_id\" \/><input type=\"hidden\" name=\"restrictions[selected_service]\" value=\"\" \/>            <\/div>\n        <input type=\"hidden\" name=\"trp-form-language\" value=\"pt\"\/><\/form>\n    <\/div>\n\n<\/div><\/div><\/div>\n\t\t\t\t<\/div>\n\t\t\t\t<\/div>\n\t\t\t\t\t<\/div>\n\t\t<\/div>\n\t\t\t\t\t<\/div>\n\t\t<\/section>\n\t\t\t\t<div data-particle_enable=\"false\" data-particle-mobile-disabled=\"false\" class=\"elementor-section elementor-top-section elementor-element elementor-element-944d0f4 elementor-section-full_width elementor-section-content-middle elementor-section-height-default elementor-section-height-default\" data-id=\"944d0f4\" data-element_type=\"section\" data-settings=\"{&quot;_ha_eqh_enable&quot;:false}\">\n\t\t\t\t\t\t<div class=\"elementor-container elementor-column-gap-default\">\n\t\t\t\t\t<div class=\"elementor-column elementor-col-100 elementor-top-column elementor-element elementor-element-0ac6cd3\" data-id=\"0ac6cd3\" data-element_type=\"column\">\n\t\t\t<div class=\"elementor-widget-wrap elementor-element-populated\">\n\t\t\t\t\t\t<div class=\"elementor-element elementor-element-db99af7 elementor-widget elementor-widget-shortcode\" data-id=\"db99af7\" data-element_type=\"widget\" data-widget_type=\"shortcode.default\">\n\t\t\t\t<div class=\"elementor-widget-container\">\n\t\t\t\t\t<div class=\"elementor-shortcode\"><div class=\"trp_language_switcher_shortcode\">\n<div class=\"trp-language-switcher trp-language-switcher-container\" data-no-translation>\n    <div class=\"trp-ls-shortcode-current-language\">\n        <a href=\"#\" class=\"trp-ls-shortcode-disabled-language trp-ls-disabled-language\" title=\"Portuguese\" onclick=\"event.preventDefault()\">\n\t\t\t<img class=\"trp-flag-image\" src=\"https:\/\/i0.wp.com\/thesavvylearning.com\/wp-content\/plugins\/translatepress-multilingual\/assets\/images\/flags\/pt_BR.png?resize=18%2C12&#038;ssl=1\" width=\"18\" height=\"12\" alt=\"pt_BR\" title=\"Portuguese\" data-recalc-dims=\"1\"> Portuguese\t\t<\/a>\n    <\/div>\n    <div class=\"trp-ls-shortcode-language\">\n                <a href=\"#\" class=\"trp-ls-shortcode-disabled-language trp-ls-disabled-language\"  title=\"Portuguese\" onclick=\"event.preventDefault()\">\n\t\t\t<img class=\"trp-flag-image\" src=\"https:\/\/i0.wp.com\/thesavvylearning.com\/wp-content\/plugins\/translatepress-multilingual\/assets\/images\/flags\/pt_BR.png?resize=18%2C12&#038;ssl=1\" width=\"18\" height=\"12\" alt=\"pt_BR\" title=\"Portuguese\" data-recalc-dims=\"1\"> Portuguese\t\t<\/a>\n                    <a href=\"https:\/\/thesavvylearning.com\/wp-json\/wp\/v2\/pages\/7618\/\" title=\"Spanish\">\n            <img class=\"trp-flag-image\" src=\"https:\/\/i1.wp.com\/thesavvylearning.com\/wp-content\/plugins\/translatepress-multilingual\/assets\/images\/flags\/es_MX.png?resize=18%2C12&#038;ssl=1\" width=\"18\" height=\"12\" alt=\"es_MX\" title=\"Spanish\" data-recalc-dims=\"1\"> Spanish        <\/a>\n\n        <\/div>\n    <script type=\"application\/javascript\">\n        \/\/ need to have the same with set from JS on both divs. Otherwise it can push stuff around in HTML\n        var trp_ls_shortcodes = document.querySelectorAll('.trp_language_switcher_shortcode .trp-language-switcher');\n        if ( trp_ls_shortcodes.length > 0) {\n            \/\/ get the last language switcher added\n            var trp_el = trp_ls_shortcodes[trp_ls_shortcodes.length - 1];\n\n            var trp_shortcode_language_item = trp_el.querySelector( '.trp-ls-shortcode-language' )\n            \/\/ set width\n            var trp_ls_shortcode_width                                               = trp_shortcode_language_item.offsetWidth + 16;\n            trp_shortcode_language_item.style.width                                  = trp_ls_shortcode_width + 'px';\n            trp_el.querySelector( '.trp-ls-shortcode-current-language' ).style.width = trp_ls_shortcode_width + 'px';\n\n            \/\/ We're putting this on display: none after we have its width.\n            trp_shortcode_language_item.style.display = 'none';\n        }\n    <\/script>\n<\/div>\n<\/div><\/div>\n\t\t\t\t<\/div>\n\t\t\t\t<\/div>\n\t\t\t\t\t<\/div>\n\t\t<\/div>\n\t\t\t\t\t<\/div>\n\t\t<\/div>\n\t\t\t\t<section data-particle_enable=\"false\" data-particle-mobile-disabled=\"false\" class=\"elementor-section elementor-top-section elementor-element elementor-element-7663318 elementor-section-boxed elementor-section-height-default elementor-section-height-default\" data-id=\"7663318\" data-element_type=\"section\" data-settings=\"{&quot;_ha_eqh_enable&quot;:false}\">\n\t\t\t\t\t\t<div class=\"elementor-container elementor-column-gap-default\">\n\t\t\t\t\t<div class=\"elementor-column elementor-col-100 elementor-top-column elementor-element elementor-element-b271fff\" data-id=\"b271fff\" data-element_type=\"column\">\n\t\t\t<div class=\"elementor-widget-wrap elementor-element-populated\">\n\t\t\t\t\t\t<div class=\"elementor-element elementor-element-72a362a elementor-widget elementor-widget-heading\" data-id=\"72a362a\" data-element_type=\"widget\" data-widget_type=\"heading.default\">\n\t\t\t\t<div class=\"elementor-widget-container\">\n\t\t\t<style>\/*! elementor - v3.23.0 - 23-07-2024 *\/\n.elementor-heading-title{padding:0;margin:0;line-height:1}.elementor-widget-heading .elementor-heading-title[class*=elementor-size-]>a{color:inherit;font-size:inherit;line-height:inherit}.elementor-widget-heading .elementor-heading-title.elementor-size-small{font-size:15px}.elementor-widget-heading .elementor-heading-title.elementor-size-medium{font-size:19px}.elementor-widget-heading .elementor-heading-title.elementor-size-large{font-size:29px}.elementor-widget-heading .elementor-heading-title.elementor-size-xl{font-size:39px}.elementor-widget-heading .elementor-heading-title.elementor-size-xxl{font-size:59px}<\/style><h2 class=\"elementor-heading-title elementor-size-default\">Os hor\u00e1rios das sess\u00f5es s\u00e3o mostrados no hor\u00e1rio central do M\u00e9xico. Cada curso tem dura\u00e7\u00e3o de 4 horas.<\/h2>\t\t<\/div>\n\t\t\t\t<\/div>\n\t\t\t\t<div class=\"elementor-element elementor-element-8861570 elementor-widget elementor-widget-heading\" data-id=\"8861570\" data-element_type=\"widget\" data-widget_type=\"heading.default\">\n\t\t\t\t<div class=\"elementor-widget-container\">\n\t\t\t<h2 class=\"elementor-heading-title elementor-size-default\">Se tiver alguma d\u00favida sobre seu registro, escreva para dataverse@thesavvylearning.com<\/h2>\t\t<\/div>\n\t\t\t\t<\/div>\n\t\t\t\t\t<\/div>\n\t\t<\/div>\n\t\t\t\t\t<\/div>\n\t\t<\/section>\n\t\t\t\t<\/div>","protected":false},"excerpt":{"rendered":"<p>Los horarios de las sesiones se muestran en la hora central de M\u00e9xico. Cada curso tiene duraci\u00f3n de 4 horas. Si tienes alguna duda con tu registro, escribe a dataverse@thesavvylearning.com<\/p>","protected":false},"author":1,"featured_media":0,"parent":0,"menu_order":0,"comment_status":"closed","ping_status":"closed","template":"","meta":{"_eb_attr":"","spay_email":""},"acf":[],"jetpack-related-posts":[{"id":10123,"url":"https:\/\/thesavvylearning.com\/pt\/callbackoutlook\/","url_meta":{"origin":7618,"position":0},"title":"callbackOutlook","date":"julho 12, 2023","format":false,"excerpt":"Autorizaci\u00f3n de accesoa tu calendario Ingresa la p\u00e1gina anterior y has clic nuevamente en agregar al calendario","rel":"","context":"Post similar","img":{"alt_text":"","src":"https:\/\/i2.wp.com\/thesavvylearning.com\/wp-content\/uploads\/2023\/07\/Microsoft_Office_Outlook-1024x952.png?resize=350%2C200","width":350,"height":200},"classes":[]},{"id":12400,"url":"https:\/\/thesavvylearning.com\/pt\/contact\/","url_meta":{"origin":7618,"position":1},"title":"Contacto","date":"julho 24, 2024","format":false,"excerpt":"Habla con un experto hoy Maryssa Salm\u00f3n Sales Operations Manager maryssa@thesavvylearning.com +52 55 5437 3646 Cont\u00e1ctanos Casos de \u00e9xito \u201cSi tuviera que resumir la fortaleza del equipo de Savvy, ser\u00eda, \u201cexpertos en crear WOW experiences.\u201d Bernab\u00e9 Jim\u00e9nez - Supply Chain Control Performance Sr. Manager \u201cEl profesionalismo, atenci\u00f3n al detalle y\u2026","rel":"","context":"Post similar","img":{"alt_text":"","src":"https:\/\/i0.wp.com\/thesavvylearning.com\/wp-content\/uploads\/2024\/08\/Logo-Savvy_meta.png?fit=1200%2C1200&ssl=1&resize=350%2C200","width":350,"height":200},"classes":[]},{"id":12384,"url":"https:\/\/thesavvylearning.com\/pt\/about-2\/","url_meta":{"origin":7618,"position":2},"title":"Impacto","date":"julho 24, 2024","format":false,"excerpt":"Prop\u00f3sito Nuestro prop\u00f3sito es desarrollar a personas a trav\u00e9s de soluciones de capacitaci\u00f3n, buscando mejorar continuamente las habilidades y competencias de los equipos, optimizando el desempe\u00f1o organizacional y fomentando un crecimiento integral. Agenda una llamada Nosotros Contamos con un equipo con m\u00e1s de 12 a\u00f1os de experiencia. Fernanda Salm\u00f3n Founder\u2026","rel":"","context":"Post similar","img":{"alt_text":"","src":"https:\/\/i0.wp.com\/thesavvylearning.com\/wp-content\/uploads\/2024\/08\/Logo-Savvy_meta.png?fit=1200%2C1200&ssl=1&resize=350%2C200","width":350,"height":200},"classes":[]},{"id":866,"url":"https:\/\/thesavvylearning.com\/pt\/leader-innovation-lab-grupo-12\/","url_meta":{"origin":7618,"position":3},"title":"Leader Innovation LAB - Grupo 12","date":"julho 18, 2022","format":false,"excerpt":"Expositor Si quieres impulsar la innovaci\u00f3n en tu equipo o \u00e1rea pero no sabes por d\u00f3nde ni como empezar, vas a aprender un proceso muy sencillo y f\u00e1cil de aplicar desde definir un reto, buscar inspiraci\u00f3n, generar y validar ideas, hasta venderlas y hacerlas realidad. Todo esto para que ma\u00f1ana\u2026","rel":"","context":"Post similar","img":{"alt_text":"","src":"https:\/\/i2.wp.com\/thesavvylearning.com\/wp-content\/uploads\/2022\/07\/Leader04-2web.png?resize=350%2C200","width":350,"height":200},"classes":[]},{"id":5242,"url":"https:\/\/thesavvylearning.com\/pt\/leader-innovation-lab-grupo-16\/","url_meta":{"origin":7618,"position":4},"title":"Leader Innovation LAB - Grupo 16","date":"agosto 12, 2022","format":false,"excerpt":"Expositor Si quieres impulsar la innovaci\u00f3n en tu equipo o \u00e1rea pero no sabes por d\u00f3nde ni como empezar, vas a aprender un proceso muy sencillo y f\u00e1cil de aplicar desde definir un reto, buscar inspiraci\u00f3n, generar y validar ideas, hasta venderlas y hacerlas realidad. Todo esto para que ma\u00f1ana\u2026","rel":"","context":"Post similar","img":{"alt_text":"","src":"https:\/\/i2.wp.com\/thesavvylearning.com\/wp-content\/uploads\/2022\/07\/Leader04-2web.png?resize=350%2C200","width":350,"height":200},"classes":[]},{"id":5334,"url":"https:\/\/thesavvylearning.com\/pt\/leader-innovation-lab-grupo-17\/","url_meta":{"origin":7618,"position":5},"title":"Leader Innovation LAB - Grupo 17","date":"agosto 13, 2022","format":false,"excerpt":"Expositor Si quieres impulsar la innovaci\u00f3n en tu equipo o \u00e1rea pero no sabes por d\u00f3nde ni como empezar, vas a aprender un proceso muy sencillo y f\u00e1cil de aplicar desde definir un reto, buscar inspiraci\u00f3n, generar y validar ideas, hasta venderlas y hacerlas realidad. Todo esto para que ma\u00f1ana\u2026","rel":"","context":"Post similar","img":{"alt_text":"","src":"https:\/\/i2.wp.com\/thesavvylearning.com\/wp-content\/uploads\/2022\/07\/Leader04-2web.png?resize=350%2C200","width":350,"height":200},"classes":[]}],"_links":{"self":[{"href":"https:\/\/thesavvylearning.com\/pt\/wp-json\/wp\/v2\/pages\/7618"}],"collection":[{"href":"https:\/\/thesavvylearning.com\/pt\/wp-json\/wp\/v2\/pages"}],"about":[{"href":"https:\/\/thesavvylearning.com\/pt\/wp-json\/wp\/v2\/types\/page"}],"author":[{"embeddable":true,"href":"https:\/\/thesavvylearning.com\/pt\/wp-json\/wp\/v2\/users\/1"}],"replies":[{"embeddable":true,"href":"https:\/\/thesavvylearning.com\/pt\/wp-json\/wp\/v2\/comments?post=7618"}],"version-history":[{"count":134,"href":"https:\/\/thesavvylearning.com\/pt\/wp-json\/wp\/v2\/pages\/7618\/revisions"}],"predecessor-version":[{"id":11474,"href":"https:\/\/thesavvylearning.com\/pt\/wp-json\/wp\/v2\/pages\/7618\/revisions\/11474"}],"wp:attachment":[{"href":"https:\/\/thesavvylearning.com\/pt\/wp-json\/wp\/v2\/media?parent=7618"}],"curies":[{"name":"wp","href":"https:\/\/api.w.org\/{rel}","templated":true}]}}