{"id":6807,"date":"2022-11-04T05:25:28","date_gmt":"2022-11-04T05:25:28","guid":{"rendered":"http:\/\/thesavvylearning.com\/?page_id=6807"},"modified":"2022-11-11T06:30:53","modified_gmt":"2022-11-11T06:30:53","slug":"landing-temp","status":"publish","type":"page","link":"https:\/\/thesavvylearning.com\/pt\/landing-temp\/","title":{"rendered":"landing temp"},"content":{"rendered":"<div data-elementor-type=\"wp-page\" data-elementor-id=\"6807\" class=\"elementor elementor-6807\" data-elementor-post-type=\"page\">\n\t\t\t\t\t\t<section data-particle_enable=\"false\" data-particle-mobile-disabled=\"false\" class=\"elementor-section elementor-top-section elementor-element elementor-element-50f3022 elementor-section-boxed elementor-section-height-default elementor-section-height-default\" data-id=\"50f3022\" data-element_type=\"section\" data-settings=\"{&quot;background_background&quot;:&quot;classic&quot;,&quot;_ha_eqh_enable&quot;:false}\">\n\t\t\t\t\t\t<div class=\"elementor-container elementor-column-gap-default\">\n\t\t\t\t\t<div class=\"elementor-column elementor-col-100 elementor-top-column elementor-element elementor-element-f4da2dc\" data-id=\"f4da2dc\" data-element_type=\"column\">\n\t\t\t<div class=\"elementor-widget-wrap elementor-element-populated\">\n\t\t\t\t\t\t<div class=\"elementor-element elementor-element-d3af185 elementor-widget elementor-widget-image\" data-id=\"d3af185\" data-element_type=\"widget\" data-widget_type=\"image.default\">\n\t\t\t\t<div class=\"elementor-widget-container\">\n\t\t\t<style>\/*! elementor - v3.23.0 - 23-07-2024 *\/\n.elementor-widget-image{text-align:center}.elementor-widget-image a{display:inline-block}.elementor-widget-image a img[src$=\".svg\"]{width:48px}.elementor-widget-image img{vertical-align:middle;display:inline-block}<\/style>\t\t\t\t\t\t\t\t\t\t<img fetchpriority=\"high\" width=\"800\" height=\"400\" src=\"https:\/\/i0.wp.com\/thesavvylearning.com\/wp-content\/uploads\/2022\/11\/PROXIMAMENTE-web-1045x523-1.png?fit=800%2C400&amp;ssl=1\" class=\"attachment-large size-large wp-image-6809\" alt=\"\" srcset=\"https:\/\/i0.wp.com\/thesavvylearning.com\/wp-content\/uploads\/2022\/11\/PROXIMAMENTE-web-1045x523-1.png?w=1045&amp;ssl=1 1045w, https:\/\/i0.wp.com\/thesavvylearning.com\/wp-content\/uploads\/2022\/11\/PROXIMAMENTE-web-1045x523-1.png?resize=300%2C150&amp;ssl=1 300w, https:\/\/i0.wp.com\/thesavvylearning.com\/wp-content\/uploads\/2022\/11\/PROXIMAMENTE-web-1045x523-1.png?resize=1024%2C512&amp;ssl=1 1024w, https:\/\/i0.wp.com\/thesavvylearning.com\/wp-content\/uploads\/2022\/11\/PROXIMAMENTE-web-1045x523-1.png?resize=768%2C384&amp;ssl=1 768w, https:\/\/i0.wp.com\/thesavvylearning.com\/wp-content\/uploads\/2022\/11\/PROXIMAMENTE-web-1045x523-1.png?resize=50%2C25&amp;ssl=1 50w\" sizes=\"(max-width: 800px) 100vw, 800px\" \/>\t\t\t\t\t\t\t\t\t\t\t\t\t<\/div>\n\t\t\t\t<\/div>\n\t\t\t\t\t<\/div>\n\t\t<\/div>\n\t\t\t\t\t<\/div>\n\t\t<\/section>\n\t\t\t\t<\/div>","protected":false},"excerpt":{"rendered":"","protected":false},"author":1,"featured_media":0,"parent":0,"menu_order":0,"comment_status":"closed","ping_status":"closed","template":"elementor_theme","meta":{"_eb_attr":"","spay_email":""},"acf":[],"jetpack-related-posts":[{"id":6805,"url":"https:\/\/thesavvylearning.com\/pt\/contraloria\/","url_meta":{"origin":6807,"position":0},"title":"contralor\u00eda","date":"novembro 4, 2022","format":false,"excerpt":"Detalles del evento CROQUIS DEL HOTEL","rel":"","context":"Post similar","img":{"alt_text":"","src":"https:\/\/i1.wp.com\/thesavvylearning.com\/wp-content\/uploads\/2022\/11\/control-lead-1024x308.png?resize=350%2C200","width":350,"height":200},"classes":[]},{"id":10166,"url":"https:\/\/thesavvylearning.com\/pt\/session-private\/","url_meta":{"origin":6807,"position":1},"title":"Session Private","date":"julho 22, 2023","format":false,"excerpt":"","rel":"","context":"Post similar","img":{"alt_text":"","src":"","width":0,"height":0},"classes":[]},{"id":229,"url":"https:\/\/thesavvylearning.com\/pt\/tle\/","url_meta":{"origin":6807,"position":2},"title":"TLE","date":"julho 15, 2022","format":false,"excerpt":"Bienvenido a The Learning Experience 2022. Por favor inicia sesi\u00f3n o reg\u00edstrate para inscribirte a los cursos Ir al Escritorio","rel":"","context":"Post similar","img":{"alt_text":"","src":"https:\/\/i1.wp.com\/thesavvylearning.com\/wp-content\/uploads\/2022\/07\/TLE-WEB.png?resize=350%2C200","width":350,"height":200},"classes":[]},{"id":12364,"url":"https:\/\/thesavvylearning.com\/pt\/","url_meta":{"origin":6807,"position":3},"title":"Inicio","date":"julho 24, 2024","format":false,"excerpt":"Transformamos equipos, potenciamos resultados. Impulsamos habilidades clave en tus colaboradores detonando el m\u00e1ximo potencial de tu organizaci\u00f3n. Agenda una llamada Hemos impactado las mejores empresas en M\u00e9xico y LATAM. Creamos soluciones \u00fanicas de aprendizaje dise\u00f1adas para desarrollar las habilidades de tus equipos. LearningSoluciones interactivas para capacitaci\u00f3n as\u00edncrona y s\u00edncrona, facilitando\u2026","rel":"","context":"Post similar","img":{"alt_text":"","src":"https:\/\/i0.wp.com\/thesavvylearning.com\/wp-content\/uploads\/2024\/08\/Logo-Savvy_meta.png?fit=1200%2C1200&ssl=1&resize=350%2C200","width":350,"height":200},"classes":[]},{"id":12384,"url":"https:\/\/thesavvylearning.com\/pt\/about-2\/","url_meta":{"origin":6807,"position":4},"title":"Impacto","date":"julho 24, 2024","format":false,"excerpt":"Prop\u00f3sito Nuestro prop\u00f3sito es desarrollar a personas a trav\u00e9s de soluciones de capacitaci\u00f3n, buscando mejorar continuamente las habilidades y competencias de los equipos, optimizando el desempe\u00f1o organizacional y fomentando un crecimiento integral. Agenda una llamada Nosotros Contamos con un equipo con m\u00e1s de 12 a\u00f1os de experiencia. Fernanda Salm\u00f3n Founder\u2026","rel":"","context":"Post similar","img":{"alt_text":"","src":"https:\/\/i0.wp.com\/thesavvylearning.com\/wp-content\/uploads\/2024\/08\/Logo-Savvy_meta.png?fit=1200%2C1200&ssl=1&resize=350%2C200","width":350,"height":200},"classes":[]},{"id":7618,"url":"https:\/\/thesavvylearning.com\/pt\/servicios-booking\/","url_meta":{"origin":6807,"position":5},"title":"Servicios Booking","date":"maio 9, 2023","format":false,"excerpt":"Los horarios de las sesiones se muestran en la hora central de M\u00e9xico. Cada curso tiene duraci\u00f3n de 4 horas. Si tienes alguna duda con tu registro, escribe a dataverse@thesavvylearning.com","rel":"","context":"Post similar","img":{"alt_text":"","src":"","width":0,"height":0},"classes":[]}],"_links":{"self":[{"href":"https:\/\/thesavvylearning.com\/pt\/wp-json\/wp\/v2\/pages\/6807"}],"collection":[{"href":"https:\/\/thesavvylearning.com\/pt\/wp-json\/wp\/v2\/pages"}],"about":[{"href":"https:\/\/thesavvylearning.com\/pt\/wp-json\/wp\/v2\/types\/page"}],"author":[{"embeddable":true,"href":"https:\/\/thesavvylearning.com\/pt\/wp-json\/wp\/v2\/users\/1"}],"replies":[{"embeddable":true,"href":"https:\/\/thesavvylearning.com\/pt\/wp-json\/wp\/v2\/comments?post=6807"}],"version-history":[{"count":26,"href":"https:\/\/thesavvylearning.com\/pt\/wp-json\/wp\/v2\/pages\/6807\/revisions"}],"predecessor-version":[{"id":6973,"href":"https:\/\/thesavvylearning.com\/pt\/wp-json\/wp\/v2\/pages\/6807\/revisions\/6973"}],"wp:attachment":[{"href":"https:\/\/thesavvylearning.com\/pt\/wp-json\/wp\/v2\/media?parent=6807"}],"curies":[{"name":"wp","href":"https:\/\/api.w.org\/{rel}","templated":true}]}}