{"id":3,"date":"2022-07-06T19:41:05","date_gmt":"2022-07-06T19:41:05","guid":{"rendered":"http:\/\/thesavvylearning.com\/?page_id=3"},"modified":"2024-08-02T02:38:40","modified_gmt":"2024-08-02T02:38:40","slug":"privacy-policy","status":"publish","type":"page","link":"https:\/\/thesavvylearning.com\/pt\/privacy-policy\/","title":{"rendered":"Privacy Policy"},"content":{"rendered":"<div data-elementor-type=\"wp-page\" data-elementor-id=\"3\" class=\"elementor elementor-3\" data-elementor-post-type=\"page\">\n\t\t\t\t<div data-particle_enable=\"false\" data-particle-mobile-disabled=\"false\" class=\"elementor-element elementor-element-3fca3db1 e-flex e-con-boxed e-con e-parent\" data-id=\"3fca3db1\" data-element_type=\"container\" data-settings=\"{&quot;_ha_eqh_enable&quot;:false}\">\n\t\t\t\t\t<div class=\"e-con-inner\">\n\t\t\t\t<div class=\"elementor-element elementor-element-5ca3e24b elementor-widget elementor-widget-text-editor\" data-id=\"5ca3e24b\" data-element_type=\"widget\" data-widget_type=\"text-editor.default\">\n\t\t\t\t<div class=\"elementor-widget-container\">\n\t\t\t<style>\/*! elementor - v3.23.0 - 23-07-2024 *\/\n.elementor-widget-text-editor.elementor-drop-cap-view-stacked .elementor-drop-cap{background-color:#69727d;color:#fff}.elementor-widget-text-editor.elementor-drop-cap-view-framed .elementor-drop-cap{color:#69727d;border:3px solid;background-color:transparent}.elementor-widget-text-editor:not(.elementor-drop-cap-view-default) .elementor-drop-cap{margin-top:8px}.elementor-widget-text-editor:not(.elementor-drop-cap-view-default) .elementor-drop-cap-letter{width:1em;height:1em}.elementor-widget-text-editor .elementor-drop-cap{float:left;text-align:center;line-height:1;font-size:50px}.elementor-widget-text-editor .elementor-drop-cap-letter{display:inline-block}<\/style>\t\t\t\t<p><!-- wp:heading --><\/p>\n<h1 style=\"text-align: center;\"><b>T\u00e9rminos del servicio<\/b><\/h1><div><b><br><\/b><\/div>\n<p><span style=\"font-weight: 400;\">Gracias por elegirnos.<\/span><\/p>\n<p><span style=\"font-weight: 400;\">Al ingresar a en nuestra p\u00e1gina queda por asentado que aceptas nuestros t\u00e9rminos y condiciones.<\/span><\/p>\n<p><span style=\"font-weight: 400;\">Nuestras ofertas y promociones est\u00e1n sujetas a sus t\u00e9rminos y condiciones, mencionadas en su respectiva publicaci\u00f3n.<\/span><\/p>\n<p><span style=\"font-weight: 400;\">Los presentes T\u00e9rminos y Condiciones rigen el uso de usted en el sitio <\/span><a href=\"about:blank\"><span style=\"font-weight: 400;\">www.thesavvylearning.com<\/span><\/a> <span style=\"font-weight: 400;\">y sus relaciones con Mar\u00eda Fernanda de la Parra Salm\u00f3n, Persona F\u00edsica con actividad empresarial, establecida conforme a las leyes mexicanas, en lo sucesivo The Savvy Learning.<\/span><\/p>\n<p><span style=\"font-weight: 400;\">&nbsp;The Savvy Learning se reserva el derecho de modificar el presente documento en el momento y bajo las circunstancias que m\u00e1s le convengan.<\/span><\/p>\n<p><span style=\"font-weight: 400;\">Al hacer uso de nuestra p\u00e1gina <\/span><a href=\"about:blank\"><span style=\"font-weight: 400;\">www.thesavvylearning.com<\/span><\/a><span style=\"font-weight: 400;\"> usted se abstendr\u00e1 de:<\/span><\/p>\n<ol>\n<li style=\"font-weight: 400;\" aria-level=\"1\"><span style=\"font-weight: 400;\">Utilizar la p\u00e1gina web<\/span> <a href=\"about:blank\"><span style=\"font-weight: 400;\">www.thesavvylearning.com<\/span><\/a> <span style=\"font-weight: 400;\">con fines o efectos contrarios a la ley y a lo establecido en los presentes T\u00e9rminos y Condiciones.<\/span><\/li>\n<li style=\"font-weight: 400;\" aria-level=\"1\"><span style=\"font-weight: 400;\">Copiar, difundir, modificar, reproducir, distribuir o utilizar de cualquier forma con fines de lucro de nuestro sitio <\/span><a href=\"about:blank\"><span style=\"font-weight: 400;\">www.thesavvylearning.com<\/span><\/a><span style=\"font-weight: 400;\"> excepto si cuenta con la autorizaci\u00f3n por escrito e impresa por <\/span><span style=\"font-weight: 400;\">&nbsp;The Savvy Learning.<\/span><\/li>\n<li style=\"font-weight: 400;\" aria-level=\"1\"><span style=\"font-weight: 400;\">Modificar o manipular los logotipos, avisos comerciales, nombres comerciales y signos distintivos en general que forme parte del sitio <\/span><a href=\"about:blank\"><span style=\"font-weight: 400;\">www.thesavvylearning.com<\/span><\/a><span style=\"font-weight: 400;\">, salvo que cuenta con la autorizaci\u00f3n escrita e impresa por <\/span><span style=\"font-weight: 400;\">The Savvy Learning.<\/span><\/li>\n<li style=\"font-weight: 400;\" aria-level=\"1\"><span style=\"font-weight: 400;\">&nbsp;Cabe destacar que nuestro sitio, logotipos y todo el material que aparece en \u00e9l son marcas, nombres de dominio, nombres comerciales y obras art\u00edsticas propiedad de sus respectivos titulares y est\u00e1n protegidos por los tratados internacionales y las leyes aplicables en materia de propiedad intelectual y derecho de autor en pro de <\/span><span style=\"font-weight: 400;\">The Savvy Learning.<\/span><\/li>\n<\/ol>\n<ol>\n<li style=\"font-weight: 400;\" aria-level=\"1\"><span style=\"font-weight: 400;\">Suprimir o modificar de manera parcial o total el sitio<\/span> <a href=\"about:blank\"><span style=\"font-weight: 400;\">www.thesavvylearnin.co<\/span><\/a><span style=\"font-weight: 400;\">m,&nbsp; as\u00ed como los dispositivos t\u00e9cnicos de protecci\u00f3n o cualquier mecanismo o procedimiento establecido en el sitio <\/span><a href=\"about:blank\"><span style=\"font-weight: 400;\">www.thesavvylearning.com<\/span><\/a><span style=\"font-weight: 400;\">.&nbsp;<\/span><\/li>\n<li style=\"font-weight: 400;\" aria-level=\"1\"><span style=\"font-weight: 400;\">Todo acto o intento por extraer a trav\u00e9s del sitio <\/span><a href=\"about:blank\"><span style=\"font-weight: 400;\">www.thesavvylearning.com<\/span><\/a><span style=\"font-weight: 400;\">, informaci\u00f3n, materiales o c\u00f3digos no dispuestos para su uso como parte del sitio <\/span><a href=\"about:blank\"><span style=\"font-weight: 400;\">www.thesavvylearning.com<\/span><\/a><span style=\"font-weight: 400;\">; todo acto o intento por introducir sin la autorizaci\u00f3n correspondiente, informaci\u00f3n, materiales o c\u00f3digos ajenos al sitio, as\u00ed como a sistemas inform\u00e1ticos de terceros.<\/span><\/li>\n<\/ol>\n<p><span style=\"font-weight: 400;\">&nbsp;<\/span><\/p>\n<p><span style=\"font-weight: 400;\">The Savvy Learning <\/span><span style=\"font-weight: 400;\">no asume ninguna responsabilidad y no tiene el control editorial sobre el contenido, informaci\u00f3n o material generado. Todas las opiniones, consejos, declaraciones, servicios, ofertas u otras informaciones y contenidos expresados o puestos a disposici\u00f3n del p\u00fablico por terceros, pertenecen a su respectivo autor y&nbsp; <\/span><span style=\"font-weight: 400;\">The Savvy Learning <\/span><span style=\"font-weight: 400;\">no es responsable de ello.<\/span><\/p>\n<p><span style=\"font-weight: 400;\">Para realizar cualquier compra ser\u00e1 necesario un registro del cliente, por tanto, el cliente ser\u00e1 responsable de las actividades emanadas de dicho registro, as\u00ed como de las solicitudes ejercidas por dicho cliente, por lo que ser\u00e1 indispensable mantener en resguardo el usuario y contrase\u00f1a para mantener su confidencialidad<\/span><span style=\"font-weight: 400;\">.<\/span><\/p>\n<h3><b>Especificaciones de los servicios<\/b><\/h3>\n<p><span style=\"font-weight: 400;\">Debido a que las fotos y descripciones de nuestros servicios son meramente orientaciones, estas podr\u00e1n cambiar sin previo aviso.<\/span><\/p>\n<p><span style=\"font-weight: 400;\">&nbsp;<\/span><\/p>\n<p><span style=\"font-weight: 400;\">&nbsp;<\/span><\/p>\n<h1 style=\"text-align: center;\"><b>Pol\u00edtica de privacidad<\/b><\/h1><div><b><br><\/b><\/div>\n<p><\/p>\n<p><span style=\"font-weight: 400;\">El presente aviso de privacidad se establece en cumplimiento de lo dispuesto en la Ley Federal de Protecci\u00f3n de Datos Personales en Posesi\u00f3n de los Particulares.<\/span><\/p>\n<p><span style=\"font-weight: 400;\">The Savvy Learning, <\/span><span style=\"font-weight: 400;\">es responsable de recabar sus datos personales, del uso que se le d\u00e9 a los mismos y de su protecci\u00f3n. Su informaci\u00f3n personal ser\u00e1 utilizada para proveer los servicios y productos que ha solicitado, informarle sobre cambios en los mismos y evaluar la calidad del servicio que le brindamos.<\/span><\/p>\n<p><span style=\"font-weight: 400;\">Para las finalidades se\u00f1aladas en el presente aviso de privacidad, podemos recabar sus datos personales de distintas formas: cuando usted nos los proporciona directamente; cuando visita nuestro sitio de internet o utiliza nuestros servicios en l\u00ednea y cuando obtenemos informaci\u00f3n a trav\u00e9s de otras fuentes que est\u00e1n permitidas por la ley.<\/span><\/p>\n<p><span style=\"font-weight: 400;\">Recabamos sus datos personales de forma directa cuando usted mismo nos los proporciona por diversos medios, como cuando nos contacta o nos da informaci\u00f3n con objeto de que le prestemos un servicio. Los datos que obtenemos por este medio pueden ser, entre otros: Su nombre, correo electr\u00f3nico (e-mail), n\u00famero telef\u00f3nico, un domicilio de entrega de productos, pa\u00eds y ciudad, p\u00e1ginas visitadas dentro de nuestro sitio, informaci\u00f3n para mejorar su experiencia en nuestro sitio como resoluci\u00f3n de pantalla, explorador y tipo de sistema operativo utilizado. Usted tiene derecho de acceder, rectificar y cancelar sus datos personales, as\u00ed como de oponerse al tratamiento de los mismos o revocar el consentimiento que para tal fin nos haya otorgado, a trav\u00e9s de los procedimientos que hemos implementado.<\/span><\/p>\n<h2><b>&nbsp;Aviso de Privacidad Detallado<\/b><\/h2>\n<p><span style=\"font-weight: 400;\">En este Aviso de Privacidad se explica nuestra pol\u00edtica respecto de la recolecci\u00f3n, uso, divulgaci\u00f3n y transmisi\u00f3n de los datos de usuarios por parte de <\/span><span style=\"font-weight: 400;\">The Savvy Learning<\/span><span style=\"font-weight: 400;\">. La presente pol\u00edtica se podr\u00e1 modificar a medida que actualizamos y ampliamos nuestros servicios. Por lo tanto, se recomienda consultarla peri\u00f3dicamente. Si accede a nuestro sitio web o de otro modo utiliza nuestro servicio, significa que presta su consentimiento a nuestras pr\u00e1cticas sobre informaci\u00f3n.<\/span><\/p>\n<p><span style=\"font-weight: 400;\">La presente pol\u00edtica se podr\u00e1 modificar a medida que actualizamos y ampliamos nuestros servicios. Consulte regularmente si existe alguna actualizaci\u00f3n a esta pol\u00edtica. Usted acuerda que su aceptaci\u00f3n de los T\u00e9rminos de Uso y el Aviso de privacidad posterior a su consentimiento original, as\u00ed como el uso del sitio web de <\/span><span style=\"font-weight: 400;\">Thesavvylearning.com<\/span><span style=\"font-weight: 400;\">,&nbsp; o a trav\u00e9s de nuestras redes sociales o el uso continuo de nuestro servicio despu\u00e9s de publicar un cambio a esta pol\u00edtica implica que acepta dichos cambios y se obliga a respetarlos.<\/span><\/p>\n<p><span style=\"font-weight: 400;\">Para garantizar el correcto resguardo de sus datos personales y para dar pleno cumplimiento a las obligaciones que la LFPDPPP establece en la materia, se le informa que <\/span><span style=\"font-weight: 400;\">The Savvy Learning <\/span><span style=\"font-weight: 400;\">tiene implementadas las medidas de seguridad administrativas, t\u00e9cnicas y f\u00edsicas necesarias y suficientes para evitar su da\u00f1o, p\u00e9rdida, alteraci\u00f3n, destrucci\u00f3n, uso, acceso o divulgaci\u00f3n indebida.<\/span><\/p>\n<p><span style=\"font-weight: 400;\">Los Datos Personales que han proporcionados ser\u00e1n conservados por un periodo de 1 a\u00f1o, excepto la que fiscalmente debe considerarse por 5 a\u00f1os, en medios f\u00edsicos y electr\u00f3nicos, y posteriormente descartados para evitar un tratamiento indebido de los mismos.<\/span><\/p>\n<p><span style=\"font-weight: 400;\">En ning\u00fan caso, <\/span><span style=\"font-weight: 400;\">The Savvy Learning<\/span><span style=\"font-weight: 400;\"> transferir\u00e1 los datos personales de sus clientes a un tercero, sin el consentimiento previo de los titulares<\/span><\/p>\n<p><b>PROCEDIMIENTO PARA HACER VALER LOS DERECHOS ARCO.<\/b><span style=\"font-weight: 400;\">&#8211;<\/span><\/p>\n<p><span style=\"font-weight: 400;\">Usted tiene derecho de acceder a sus datos personales que poseemos y a los detalles del tratamiento de los mismos, as\u00ed como a rectificarlos en caso de ser inexactos o incompletos; cancelarlos cuando considere que no se requieren para alguna de las finalidades se\u00f1aladas en el presente aviso de privacidad, est\u00e9n siendo utilizados para finalidades no consentidas o haya finalizado la relaci\u00f3n contractual o de servicio, o bien, oponerse al tratamiento de los mismos para fines espec\u00edficos.<\/span><\/p>\n<p><span style=\"font-weight: 400;\">Los mecanismos que se han implementado para el ejercicio de dichos derechos, los cuales se conocen como derechos Arco mismos, que se refieren a la rectificaci\u00f3n, cancelaci\u00f3n y oposici\u00f3n del Titular respecto al tratamiento de sus datos personales;<\/span><\/p>\n<p><span style=\"font-weight: 400;\">1) El procedimiento inicia con la presentaci\u00f3n de la solicitud respectiva a los derechos Arco, en el domicilio de nuestra Oficina de Privacidad, mismo que fue debidamente se\u00f1alado al principio del presente aviso de privacidad.<\/span><\/p>\n<p><span style=\"font-weight: 400;\">2) Su solicitud deber\u00e1 contener la siguiente informaci\u00f3n:<\/span><\/p>\n<ul>\n<li style=\"font-weight: 400;\" aria-level=\"1\"><span style=\"font-weight: 400;\">Nombre del titular de los datos personales.<\/span><\/li>\n<li style=\"font-weight: 400;\" aria-level=\"1\"><span style=\"font-weight: 400;\">Domicilio o cualquier otro medio de contacto. Documentos que acrediten su personalidad e identidad.<\/span><\/li>\n<li style=\"font-weight: 400;\" aria-level=\"1\"><span style=\"font-weight: 400;\">La descripci\u00f3n clara y precisa de los datos personales.<\/span><\/li>\n<li style=\"font-weight: 400;\" aria-level=\"1\"><span style=\"font-weight: 400;\">Cualquier otro documento que facilite la localizaci\u00f3n<\/span><span style=\"font-weight: 400;\"><br><\/span><span style=\"font-weight: 400;\">de los datos.<\/span><\/li>\n<\/ul>\n<p><span style=\"font-weight: 400;\">3) El plazo para atender su solicitud es de: 15 d\u00edas h\u00e1biles.<\/span><\/p>\n<p><span style=\"font-weight: 400;\">La \u00faltima versi\u00f3n del presente Aviso de privacidad prevalecer\u00e1 sobre todas las versiones anteriores.<\/span><\/p>\n<p><span style=\"font-weight: 400;\">Fecha de \u00faltima actualizaci\u00f3n:<\/span><\/p>\n<p><span style=\"font-weight: 400;\">Ciudad de M\u00e9xico a 20 de marzo de 2020<\/span><\/p>\n<p><\/p>\n<p><!-- \/wp:paragraph --><\/p>\t\t\t\t\t\t<\/div>\n\t\t\t\t<\/div>\n\t\t\t\t\t<\/div>\n\t\t\t\t<\/div>\n\t\t\t\t<\/div>","protected":false},"excerpt":{"rendered":"<p>T\u00e9rminos del servicio Gracias por elegirnos. Al ingresar a en nuestra p\u00e1gina queda por asentado que aceptas nuestros t\u00e9rminos y condiciones. Nuestras ofertas y promociones est\u00e1n sujetas a sus t\u00e9rminos y condiciones, mencionadas en su respectiva publicaci\u00f3n. Los presentes T\u00e9rminos y Condiciones rigen el uso de usted en el sitio www.thesavvylearning.com y sus relaciones con [&hellip;]<\/p>","protected":false},"author":1,"featured_media":0,"parent":0,"menu_order":0,"comment_status":"closed","ping_status":"open","template":"","meta":{"_eb_attr":"","spay_email":""},"acf":[],"jetpack-related-posts":[{"id":14276,"url":"https:\/\/thesavvylearning.com\/pt\/catalogo-savvy-2024\/","url_meta":{"origin":3,"position":0},"title":"Cata\u0301logo Savvy 2024","date":"setembro 2, 2024","format":false,"excerpt":"Cata\u0301logo Savvy 2024","rel":"","context":"Post similar","img":{"alt_text":"","src":"","width":0,"height":0},"classes":[]},{"id":229,"url":"https:\/\/thesavvylearning.com\/pt\/tle\/","url_meta":{"origin":3,"position":1},"title":"TLE","date":"julho 15, 2022","format":false,"excerpt":"Bienvenido a The Learning Experience 2022. Por favor inicia sesi\u00f3n o reg\u00edstrate para inscribirte a los cursos Ir al Escritorio","rel":"","context":"Post similar","img":{"alt_text":"","src":"https:\/\/i1.wp.com\/thesavvylearning.com\/wp-content\/uploads\/2022\/07\/TLE-WEB.png?resize=350%2C200","width":350,"height":200},"classes":[]},{"id":11507,"url":"https:\/\/thesavvylearning.com\/pt\/nestor_pruebas\/","url_meta":{"origin":3,"position":2},"title":"Nestor_pruebas","date":"novembro 14, 2023","format":false,"excerpt":"","rel":"","context":"Post similar","img":{"alt_text":"","src":"","width":0,"height":0},"classes":[]},{"id":9507,"url":"https:\/\/thesavvylearning.com\/pt\/simulador\/","url_meta":{"origin":3,"position":3},"title":"Simulador","date":"junho 29, 2023","format":false,"excerpt":"","rel":"","context":"Post similar","img":{"alt_text":"","src":"","width":0,"height":0},"classes":[]},{"id":9553,"url":"https:\/\/thesavvylearning.com\/pt\/storyline\/","url_meta":{"origin":3,"position":4},"title":"Storyline","date":"junho 30, 2023","format":false,"excerpt":"","rel":"","context":"Post similar","img":{"alt_text":"","src":"","width":0,"height":0},"classes":[]},{"id":12364,"url":"https:\/\/thesavvylearning.com\/pt\/","url_meta":{"origin":3,"position":5},"title":"Inicio","date":"julho 24, 2024","format":false,"excerpt":"Transformamos equipos, potenciamos resultados. Impulsamos habilidades clave en tus colaboradores detonando el m\u00e1ximo potencial de tu organizaci\u00f3n. Agenda una llamada Hemos impactado las mejores empresas en M\u00e9xico y LATAM. Creamos soluciones \u00fanicas de aprendizaje dise\u00f1adas para desarrollar las habilidades de tus equipos. LearningSoluciones interactivas para capacitaci\u00f3n as\u00edncrona y s\u00edncrona, facilitando\u2026","rel":"","context":"Post similar","img":{"alt_text":"","src":"https:\/\/i0.wp.com\/thesavvylearning.com\/wp-content\/uploads\/2024\/08\/Logo-Savvy_meta.png?fit=1200%2C1200&ssl=1&resize=350%2C200","width":350,"height":200},"classes":[]}],"_links":{"self":[{"href":"https:\/\/thesavvylearning.com\/pt\/wp-json\/wp\/v2\/pages\/3"}],"collection":[{"href":"https:\/\/thesavvylearning.com\/pt\/wp-json\/wp\/v2\/pages"}],"about":[{"href":"https:\/\/thesavvylearning.com\/pt\/wp-json\/wp\/v2\/types\/page"}],"author":[{"embeddable":true,"href":"https:\/\/thesavvylearning.com\/pt\/wp-json\/wp\/v2\/users\/1"}],"replies":[{"embeddable":true,"href":"https:\/\/thesavvylearning.com\/pt\/wp-json\/wp\/v2\/comments?post=3"}],"version-history":[{"count":12,"href":"https:\/\/thesavvylearning.com\/pt\/wp-json\/wp\/v2\/pages\/3\/revisions"}],"predecessor-version":[{"id":13491,"href":"https:\/\/thesavvylearning.com\/pt\/wp-json\/wp\/v2\/pages\/3\/revisions\/13491"}],"wp:attachment":[{"href":"https:\/\/thesavvylearning.com\/pt\/wp-json\/wp\/v2\/media?parent=3"}],"curies":[{"name":"wp","href":"https:\/\/api.w.org\/{rel}","templated":true}]}}