{"id":14276,"date":"2024-09-02T23:58:00","date_gmt":"2024-09-02T23:58:00","guid":{"rendered":"https:\/\/thesavvylearning.com\/?page_id=14276"},"modified":"2025-03-21T04:54:51","modified_gmt":"2025-03-21T04:54:51","slug":"catalogo-savvy-2024","status":"publish","type":"page","link":"https:\/\/thesavvylearning.com\/pt\/catalogo-savvy-2024\/","title":{"rendered":"Cata\u0301logo Savvy 2024"},"content":{"rendered":"<div data-elementor-type=\"wp-page\" data-elementor-id=\"14276\" class=\"elementor elementor-14276\" data-elementor-post-type=\"page\">\n\t\t\t\t<div data-particle_enable=\"false\" data-particle-mobile-disabled=\"false\" class=\"elementor-element elementor-element-ce5952e e-flex e-con-boxed e-con e-parent\" data-id=\"ce5952e\" data-element_type=\"container\" data-settings=\"{&quot;_ha_eqh_enable&quot;:false}\">\n\t\t\t\t\t<div class=\"e-con-inner\">\n\t\t\t\t<div class=\"elementor-element elementor-element-bac84cb elementor-widget elementor-widget-ha-pdf-view happy-addon ha-pdf-view\" data-id=\"bac84cb\" data-element_type=\"widget\" data-widget_type=\"ha-pdf-view.default\">\n\t\t\t\t<div class=\"elementor-widget-container\">\n\t\t\t        <div class=\"pdf_viewer_container\">\n            <div class=\"pdf_viewer_options viewer-bac84cb\" data-pdf-settings=\"{&quot;unique_id&quot;:&quot;viewer-bac84cb&quot;,&quot;pdf_url&quot;:&quot;https:\\\/\\\/thesavvylearning.com\\\/wp-content\\\/uploads\\\/2024\\\/09\\\/Cata\\u0301logo-Savvy-24.pdf&quot;,&quot;file_type&quot;:&quot;url&quot;,&quot;page_number&quot;:&quot;1&quot;,&quot;width&quot;:&quot;100%&quot;,&quot;height&quot;:&quot;600px&quot;}\">\n\t\t\t\t<span class=\"ha-title-flex\">\n\t\t\t\t\t<span class=\"pdf-icon\">\n\t\t\t\t\t\t\t\t\t\t\t<\/span>\n\t\t\t\t\t<h2 class=\"ha-pdf-title\">Cata\u0301logo Savvy 2024<\/h2>\t\t\t\t<\/span>\n\t\t\t\t                <div class=\"pdf-button\">\n                                <\/div>\n            <\/div>\n\n\t\t\t<div>\n\t\t\t\t<div id=\"viewer-bac84cb\"><\/div>\n\t\t\t<\/div>\n\n        <\/div>\n        \t\t<\/div>\n\t\t\t\t<\/div>\n\t\t\t\t\t<\/div>\n\t\t\t\t<\/div>\n\t\t\t\t<\/div>","protected":false},"excerpt":{"rendered":"<p>Cata\u0301logo Savvy 2024<\/p>","protected":false},"author":1,"featured_media":0,"parent":0,"menu_order":0,"comment_status":"closed","ping_status":"closed","template":"elementor_theme","meta":{"_eb_attr":"","spay_email":""},"acf":[],"jetpack-related-posts":[{"id":11507,"url":"https:\/\/thesavvylearning.com\/pt\/nestor_pruebas\/","url_meta":{"origin":14276,"position":0},"title":"Nestor_pruebas","date":"novembro 14, 2023","format":false,"excerpt":"","rel":"","context":"Post similar","img":{"alt_text":"","src":"","width":0,"height":0},"classes":[]},{"id":9507,"url":"https:\/\/thesavvylearning.com\/pt\/simulador\/","url_meta":{"origin":14276,"position":1},"title":"Simulador","date":"junho 29, 2023","format":false,"excerpt":"","rel":"","context":"Post similar","img":{"alt_text":"","src":"","width":0,"height":0},"classes":[]},{"id":9553,"url":"https:\/\/thesavvylearning.com\/pt\/storyline\/","url_meta":{"origin":14276,"position":2},"title":"Storyline","date":"junho 30, 2023","format":false,"excerpt":"","rel":"","context":"Post similar","img":{"alt_text":"","src":"","width":0,"height":0},"classes":[]},{"id":3,"url":"https:\/\/thesavvylearning.com\/pt\/privacy-policy\/","url_meta":{"origin":14276,"position":3},"title":"Privacy Policy","date":"julho 6, 2022","format":false,"excerpt":"T\u00e9rminos del servicio Gracias por elegirnos. Al ingresar a en nuestra p\u00e1gina queda por asentado que aceptas nuestros t\u00e9rminos y condiciones. Nuestras ofertas y promociones est\u00e1n sujetas a sus t\u00e9rminos y condiciones, mencionadas en su respectiva publicaci\u00f3n. Los presentes T\u00e9rminos y Condiciones rigen el uso de usted en el sitio\u2026","rel":"","context":"Post similar","img":{"alt_text":"","src":"","width":0,"height":0},"classes":[]},{"id":12400,"url":"https:\/\/thesavvylearning.com\/pt\/contact\/","url_meta":{"origin":14276,"position":4},"title":"Contacto","date":"julho 24, 2024","format":false,"excerpt":"Habla con un experto hoy Maryssa Salm\u00f3n Sales Operations Manager maryssa@thesavvylearning.com +52 55 5437 3646 Cont\u00e1ctanos Casos de \u00e9xito \u201cSi tuviera que resumir la fortaleza del equipo de Savvy, ser\u00eda, \u201cexpertos en crear WOW experiences.\u201d Bernab\u00e9 Jim\u00e9nez - Supply Chain Control Performance Sr. Manager \u201cEl profesionalismo, atenci\u00f3n al detalle y\u2026","rel":"","context":"Post similar","img":{"alt_text":"","src":"https:\/\/i0.wp.com\/thesavvylearning.com\/wp-content\/uploads\/2024\/08\/Logo-Savvy_meta.png?fit=1200%2C1200&ssl=1&resize=350%2C200","width":350,"height":200},"classes":[]},{"id":12364,"url":"https:\/\/thesavvylearning.com\/pt\/","url_meta":{"origin":14276,"position":5},"title":"Inicio","date":"julho 24, 2024","format":false,"excerpt":"Transformamos equipos, potenciamos resultados. Impulsamos habilidades clave en tus colaboradores detonando el m\u00e1ximo potencial de tu organizaci\u00f3n. Agenda una llamada Hemos impactado las mejores empresas en M\u00e9xico y LATAM. Creamos soluciones \u00fanicas de aprendizaje dise\u00f1adas para desarrollar las habilidades de tus equipos. LearningSoluciones interactivas para capacitaci\u00f3n as\u00edncrona y s\u00edncrona, facilitando\u2026","rel":"","context":"Post similar","img":{"alt_text":"","src":"https:\/\/i0.wp.com\/thesavvylearning.com\/wp-content\/uploads\/2024\/08\/Logo-Savvy_meta.png?fit=1200%2C1200&ssl=1&resize=350%2C200","width":350,"height":200},"classes":[]}],"_links":{"self":[{"href":"https:\/\/thesavvylearning.com\/pt\/wp-json\/wp\/v2\/pages\/14276"}],"collection":[{"href":"https:\/\/thesavvylearning.com\/pt\/wp-json\/wp\/v2\/pages"}],"about":[{"href":"https:\/\/thesavvylearning.com\/pt\/wp-json\/wp\/v2\/types\/page"}],"author":[{"embeddable":true,"href":"https:\/\/thesavvylearning.com\/pt\/wp-json\/wp\/v2\/users\/1"}],"replies":[{"embeddable":true,"href":"https:\/\/thesavvylearning.com\/pt\/wp-json\/wp\/v2\/comments?post=14276"}],"version-history":[{"count":10,"href":"https:\/\/thesavvylearning.com\/pt\/wp-json\/wp\/v2\/pages\/14276\/revisions"}],"predecessor-version":[{"id":14621,"href":"https:\/\/thesavvylearning.com\/pt\/wp-json\/wp\/v2\/pages\/14276\/revisions\/14621"}],"wp:attachment":[{"href":"https:\/\/thesavvylearning.com\/pt\/wp-json\/wp\/v2\/media?parent=14276"}],"curies":[{"name":"wp","href":"https:\/\/api.w.org\/{rel}","templated":true}]}}