{"id":10123,"date":"2023-07-12T18:56:57","date_gmt":"2023-07-12T18:56:57","guid":{"rendered":"https:\/\/thesavvylearning.com\/?page_id=10123"},"modified":"2023-07-14T18:01:27","modified_gmt":"2023-07-14T18:01:27","slug":"callbackoutlook","status":"publish","type":"page","link":"https:\/\/thesavvylearning.com\/pt\/callbackoutlook\/","title":{"rendered":"callbackOutlook"},"content":{"rendered":"<div data-elementor-type=\"wp-page\" data-elementor-id=\"10123\" class=\"elementor elementor-10123\" data-elementor-post-type=\"page\">\n\t\t\t\t\t\t<section data-particle_enable=\"false\" data-particle-mobile-disabled=\"false\" class=\"elementor-section elementor-top-section elementor-element elementor-element-1047380 elementor-section-boxed elementor-section-height-default elementor-section-height-default\" data-id=\"1047380\" data-element_type=\"section\" data-settings=\"{&quot;_ha_eqh_enable&quot;:false}\">\n\t\t\t\t\t\t<div class=\"elementor-container elementor-column-gap-default\">\n\t\t\t\t\t<div class=\"elementor-column elementor-col-100 elementor-top-column elementor-element elementor-element-3efce26\" data-id=\"3efce26\" data-element_type=\"column\">\n\t\t\t<div class=\"elementor-widget-wrap elementor-element-populated\">\n\t\t\t\t\t\t<div class=\"elementor-element elementor-element-8a1ce7c elementor-widget__width-initial elementor-widget elementor-widget-image\" data-id=\"8a1ce7c\" data-element_type=\"widget\" data-widget_type=\"image.default\">\n\t\t\t\t<div class=\"elementor-widget-container\">\n\t\t\t<style>\/*! elementor - v3.23.0 - 23-07-2024 *\/\n.elementor-widget-image{text-align:center}.elementor-widget-image a{display:inline-block}.elementor-widget-image a img[src$=\".svg\"]{width:48px}.elementor-widget-image img{vertical-align:middle;display:inline-block}<\/style>\t\t\t\t\t\t\t\t\t\t<img fetchpriority=\"high\" width=\"800\" height=\"744\" src=\"https:\/\/i2.wp.com\/thesavvylearning.com\/wp-content\/uploads\/2023\/07\/Microsoft_Office_Outlook.png?fit=800%2C744&amp;ssl=1\" class=\"attachment-large size-large wp-image-10144\" alt=\"\" srcset=\"https:\/\/i2.wp.com\/thesavvylearning.com\/wp-content\/uploads\/2023\/07\/Microsoft_Office_Outlook.png?w=2203&amp;ssl=1 2203w, https:\/\/i2.wp.com\/thesavvylearning.com\/wp-content\/uploads\/2023\/07\/Microsoft_Office_Outlook.png?resize=300%2C279&amp;ssl=1 300w, https:\/\/i2.wp.com\/thesavvylearning.com\/wp-content\/uploads\/2023\/07\/Microsoft_Office_Outlook.png?resize=1024%2C952&amp;ssl=1 1024w, https:\/\/i2.wp.com\/thesavvylearning.com\/wp-content\/uploads\/2023\/07\/Microsoft_Office_Outlook.png?resize=768%2C714&amp;ssl=1 768w, https:\/\/i2.wp.com\/thesavvylearning.com\/wp-content\/uploads\/2023\/07\/Microsoft_Office_Outlook.png?resize=1536%2C1429&amp;ssl=1 1536w, https:\/\/i2.wp.com\/thesavvylearning.com\/wp-content\/uploads\/2023\/07\/Microsoft_Office_Outlook.png?resize=2048%2C1905&amp;ssl=1 2048w, https:\/\/i2.wp.com\/thesavvylearning.com\/wp-content\/uploads\/2023\/07\/Microsoft_Office_Outlook.png?resize=50%2C47&amp;ssl=1 50w, https:\/\/i2.wp.com\/thesavvylearning.com\/wp-content\/uploads\/2023\/07\/Microsoft_Office_Outlook.png?w=1600&amp;ssl=1 1600w\" sizes=\"(max-width: 800px) 100vw, 800px\" \/>\t\t\t\t\t\t\t\t\t\t\t\t\t<\/div>\n\t\t\t\t<\/div>\n\t\t\t\t<div class=\"elementor-element elementor-element-a2d94aa elementor-widget-divider--separator-type-pattern elementor-widget-divider--view-line elementor-widget elementor-widget-divider\" data-id=\"a2d94aa\" data-element_type=\"widget\" data-widget_type=\"divider.default\">\n\t\t\t\t<div class=\"elementor-widget-container\">\n\t\t\t<style>\/*! elementor - v3.23.0 - 23-07-2024 *\/\n.elementor-widget-divider{--divider-border-style:none;--divider-border-width:1px;--divider-color:#0c0d0e;--divider-icon-size:20px;--divider-element-spacing:10px;--divider-pattern-height:24px;--divider-pattern-size:20px;--divider-pattern-url:none;--divider-pattern-repeat:repeat-x}.elementor-widget-divider .elementor-divider{display:flex}.elementor-widget-divider .elementor-divider__text{font-size:15px;line-height:1;max-width:95%}.elementor-widget-divider .elementor-divider__element{margin:0 var(--divider-element-spacing);flex-shrink:0}.elementor-widget-divider .elementor-icon{font-size:var(--divider-icon-size)}.elementor-widget-divider .elementor-divider-separator{display:flex;margin:0;direction:ltr}.elementor-widget-divider--view-line_icon .elementor-divider-separator,.elementor-widget-divider--view-line_text .elementor-divider-separator{align-items:center}.elementor-widget-divider--view-line_icon .elementor-divider-separator:after,.elementor-widget-divider--view-line_icon .elementor-divider-separator:before,.elementor-widget-divider--view-line_text .elementor-divider-separator:after,.elementor-widget-divider--view-line_text .elementor-divider-separator:before{display:block;content:\"\";border-block-end:0;flex-grow:1;border-block-start:var(--divider-border-width) var(--divider-border-style) var(--divider-color)}.elementor-widget-divider--element-align-left .elementor-divider .elementor-divider-separator>.elementor-divider__svg:first-of-type{flex-grow:0;flex-shrink:100}.elementor-widget-divider--element-align-left .elementor-divider-separator:before{content:none}.elementor-widget-divider--element-align-left .elementor-divider__element{margin-left:0}.elementor-widget-divider--element-align-right .elementor-divider .elementor-divider-separator>.elementor-divider__svg:last-of-type{flex-grow:0;flex-shrink:100}.elementor-widget-divider--element-align-right .elementor-divider-separator:after{content:none}.elementor-widget-divider--element-align-right .elementor-divider__element{margin-right:0}.elementor-widget-divider--element-align-start .elementor-divider .elementor-divider-separator>.elementor-divider__svg:first-of-type{flex-grow:0;flex-shrink:100}.elementor-widget-divider--element-align-start .elementor-divider-separator:before{content:none}.elementor-widget-divider--element-align-start .elementor-divider__element{margin-inline-start:0}.elementor-widget-divider--element-align-end .elementor-divider .elementor-divider-separator>.elementor-divider__svg:last-of-type{flex-grow:0;flex-shrink:100}.elementor-widget-divider--element-align-end .elementor-divider-separator:after{content:none}.elementor-widget-divider--element-align-end .elementor-divider__element{margin-inline-end:0}.elementor-widget-divider:not(.elementor-widget-divider--view-line_text):not(.elementor-widget-divider--view-line_icon) .elementor-divider-separator{border-block-start:var(--divider-border-width) var(--divider-border-style) var(--divider-color)}.elementor-widget-divider--separator-type-pattern{--divider-border-style:none}.elementor-widget-divider--separator-type-pattern.elementor-widget-divider--view-line .elementor-divider-separator,.elementor-widget-divider--separator-type-pattern:not(.elementor-widget-divider--view-line) .elementor-divider-separator:after,.elementor-widget-divider--separator-type-pattern:not(.elementor-widget-divider--view-line) .elementor-divider-separator:before,.elementor-widget-divider--separator-type-pattern:not([class*=elementor-widget-divider--view]) .elementor-divider-separator{width:100%;min-height:var(--divider-pattern-height);-webkit-mask-size:var(--divider-pattern-size) 100%;mask-size:var(--divider-pattern-size) 100%;-webkit-mask-repeat:var(--divider-pattern-repeat);mask-repeat:var(--divider-pattern-repeat);background-color:var(--divider-color);-webkit-mask-image:var(--divider-pattern-url);mask-image:var(--divider-pattern-url)}.elementor-widget-divider--no-spacing{--divider-pattern-size:auto}.elementor-widget-divider--bg-round{--divider-pattern-repeat:round}.rtl .elementor-widget-divider .elementor-divider__text{direction:rtl}.e-con-inner>.elementor-widget-divider,.e-con>.elementor-widget-divider{width:var(--container-widget-width,100%);--flex-grow:var(--container-widget-flex-grow)}<\/style>\t\t<div class=\"elementor-divider\" style=\"--divider-pattern-url: url(&quot;data:image\/svg+xml,%3Csvg xmlns=&#039;http:\/\/www.w3.org\/2000\/svg&#039; preserveAspectRatio=&#039;none&#039; overflow=&#039;visible&#039; height=&#039;100%&#039; viewBox=&#039;0 0 24 24&#039; fill=&#039;none&#039; stroke=&#039;black&#039; stroke-width=&#039;1&#039; stroke-linecap=&#039;square&#039; stroke-miterlimit=&#039;10&#039;%3E%3Cpath d=&#039;M0,21c3.3,0,8.3-0.9,15.7-7.1c6.6-5.4,4.4-9.3,2.4-10.3c-3.4-1.8-7.7,1.3-7.3,8.8C11.2,20,17.1,21,24,21&#039;\/%3E%3C\/svg%3E&quot;);\">\n\t\t\t<span class=\"elementor-divider-separator\">\n\t\t\t\t\t\t<\/span>\n\t\t<\/div>\n\t\t\t\t<\/div>\n\t\t\t\t<\/div>\n\t\t\t\t<div class=\"elementor-element elementor-element-244131e elementor-widget elementor-widget-heading\" data-id=\"244131e\" data-element_type=\"widget\" data-widget_type=\"heading.default\">\n\t\t\t\t<div class=\"elementor-widget-container\">\n\t\t\t<style>\/*! elementor - v3.23.0 - 23-07-2024 *\/\n.elementor-heading-title{padding:0;margin:0;line-height:1}.elementor-widget-heading .elementor-heading-title[class*=elementor-size-]>a{color:inherit;font-size:inherit;line-height:inherit}.elementor-widget-heading .elementor-heading-title.elementor-size-small{font-size:15px}.elementor-widget-heading .elementor-heading-title.elementor-size-medium{font-size:19px}.elementor-widget-heading .elementor-heading-title.elementor-size-large{font-size:29px}.elementor-widget-heading .elementor-heading-title.elementor-size-xl{font-size:39px}.elementor-widget-heading .elementor-heading-title.elementor-size-xxl{font-size:59px}<\/style><h2 class=\"elementor-heading-title elementor-size-default\">Autorizaci\u00f3n de acceso<br>a tu calendario<\/h2>\t\t<\/div>\n\t\t\t\t<\/div>\n\t\t\t\t\t<\/div>\n\t\t<\/div>\n\t\t\t\t\t<\/div>\n\t\t<\/section>\n\t\t\t\t<section data-particle_enable=\"false\" data-particle-mobile-disabled=\"false\" class=\"elementor-section elementor-top-section elementor-element elementor-element-709bd0d elementor-section-content-middle elementor-section-boxed elementor-section-height-default elementor-section-height-default\" data-id=\"709bd0d\" data-element_type=\"section\" data-settings=\"{&quot;_ha_eqh_enable&quot;:false}\">\n\t\t\t\t\t\t<div class=\"elementor-container elementor-column-gap-default\">\n\t\t\t\t\t<div class=\"elementor-column elementor-col-100 elementor-top-column elementor-element elementor-element-df02efa\" data-id=\"df02efa\" data-element_type=\"column\">\n\t\t\t<div class=\"elementor-widget-wrap elementor-element-populated\">\n\t\t\t\t\t\t<div class=\"elementor-element elementor-element-adf4ff3 elementor-widget elementor-widget-shortcode\" data-id=\"adf4ff3\" data-element_type=\"widget\" data-widget_type=\"shortcode.default\">\n\t\t\t\t<div class=\"elementor-widget-container\">\n\t\t\t<h3 class=\"text-center\">Error de autorizaci\u00f3n<\/h3>\t\t<div class=\"elementor-shortcode\"><\/div>\n\t\t\t\t<\/div>\n\t\t\t\t<\/div>\n\t\t\t\t<div class=\"elementor-element elementor-element-1718202 elementor-widget elementor-widget-heading\" data-id=\"1718202\" data-element_type=\"widget\" data-widget_type=\"heading.default\">\n\t\t\t\t<div class=\"elementor-widget-container\">\n\t\t\t<h2 class=\"elementor-heading-title elementor-size-default\">Ingresa la p\u00e1gina anterior y has clic nuevamente en <b>agregar al calendario<\/b><\/h2>\t\t<\/div>\n\t\t\t\t<\/div>\n\t\t\t\t\t<\/div>\n\t\t<\/div>\n\t\t\t\t\t<\/div>\n\t\t<\/section>\n\t\t\t\t<\/div>","protected":false},"excerpt":{"rendered":"<p>Autorizaci\u00f3n de accesoa tu calendario Ingresa la p\u00e1gina anterior y has clic nuevamente en agregar al calendario<\/p>","protected":false},"author":1,"featured_media":0,"parent":0,"menu_order":0,"comment_status":"closed","ping_status":"closed","template":"essential-blocks-blank-template.php","meta":{"_eb_attr":"","spay_email":""},"acf":[],"jetpack-related-posts":[{"id":6807,"url":"https:\/\/thesavvylearning.com\/pt\/landing-temp\/","url_meta":{"origin":10123,"position":0},"title":"landing temp","date":"novembro 4, 2022","format":false,"excerpt":"","rel":"","context":"Post similar","img":{"alt_text":"","src":"https:\/\/i2.wp.com\/thesavvylearning.com\/wp-content\/uploads\/2022\/11\/PROXIMAMENTE-web-1045x523-1-1024x512.png?resize=350%2C200","width":350,"height":200},"classes":[]},{"id":6805,"url":"https:\/\/thesavvylearning.com\/pt\/contraloria\/","url_meta":{"origin":10123,"position":1},"title":"contralor\u00eda","date":"novembro 4, 2022","format":false,"excerpt":"Detalles del evento CROQUIS DEL HOTEL","rel":"","context":"Post similar","img":{"alt_text":"","src":"https:\/\/i1.wp.com\/thesavvylearning.com\/wp-content\/uploads\/2022\/11\/control-lead-1024x308.png?resize=350%2C200","width":350,"height":200},"classes":[]},{"id":10166,"url":"https:\/\/thesavvylearning.com\/pt\/session-private\/","url_meta":{"origin":10123,"position":2},"title":"Session Private","date":"julho 22, 2023","format":false,"excerpt":"","rel":"","context":"Post similar","img":{"alt_text":"","src":"","width":0,"height":0},"classes":[]},{"id":229,"url":"https:\/\/thesavvylearning.com\/pt\/tle\/","url_meta":{"origin":10123,"position":3},"title":"TLE","date":"julho 15, 2022","format":false,"excerpt":"Bienvenido a The Learning Experience 2022. Por favor inicia sesi\u00f3n o reg\u00edstrate para inscribirte a los cursos Ir al Escritorio","rel":"","context":"Post similar","img":{"alt_text":"","src":"https:\/\/i1.wp.com\/thesavvylearning.com\/wp-content\/uploads\/2022\/07\/TLE-WEB.png?resize=350%2C200","width":350,"height":200},"classes":[]},{"id":12364,"url":"https:\/\/thesavvylearning.com\/pt\/","url_meta":{"origin":10123,"position":4},"title":"Inicio","date":"julho 24, 2024","format":false,"excerpt":"Transformamos equipos, potenciamos resultados. Impulsamos habilidades clave en tus colaboradores detonando el m\u00e1ximo potencial de tu organizaci\u00f3n. Agenda una llamada Hemos impactado las mejores empresas en M\u00e9xico y LATAM. Creamos soluciones \u00fanicas de aprendizaje dise\u00f1adas para desarrollar las habilidades de tus equipos. LearningSoluciones interactivas para capacitaci\u00f3n as\u00edncrona y s\u00edncrona, facilitando\u2026","rel":"","context":"Post similar","img":{"alt_text":"","src":"https:\/\/i0.wp.com\/thesavvylearning.com\/wp-content\/uploads\/2024\/08\/Logo-Savvy_meta.png?fit=1200%2C1200&ssl=1&resize=350%2C200","width":350,"height":200},"classes":[]},{"id":12384,"url":"https:\/\/thesavvylearning.com\/pt\/about-2\/","url_meta":{"origin":10123,"position":5},"title":"Impacto","date":"julho 24, 2024","format":false,"excerpt":"Prop\u00f3sito Nuestro prop\u00f3sito es desarrollar a personas a trav\u00e9s de soluciones de capacitaci\u00f3n, buscando mejorar continuamente las habilidades y competencias de los equipos, optimizando el desempe\u00f1o organizacional y fomentando un crecimiento integral. Agenda una llamada Nosotros Contamos con un equipo con m\u00e1s de 12 a\u00f1os de experiencia. Fernanda Salm\u00f3n Founder\u2026","rel":"","context":"Post similar","img":{"alt_text":"","src":"https:\/\/i0.wp.com\/thesavvylearning.com\/wp-content\/uploads\/2024\/08\/Logo-Savvy_meta.png?fit=1200%2C1200&ssl=1&resize=350%2C200","width":350,"height":200},"classes":[]}],"_links":{"self":[{"href":"https:\/\/thesavvylearning.com\/pt\/wp-json\/wp\/v2\/pages\/10123"}],"collection":[{"href":"https:\/\/thesavvylearning.com\/pt\/wp-json\/wp\/v2\/pages"}],"about":[{"href":"https:\/\/thesavvylearning.com\/pt\/wp-json\/wp\/v2\/types\/page"}],"author":[{"embeddable":true,"href":"https:\/\/thesavvylearning.com\/pt\/wp-json\/wp\/v2\/users\/1"}],"replies":[{"embeddable":true,"href":"https:\/\/thesavvylearning.com\/pt\/wp-json\/wp\/v2\/comments?post=10123"}],"version-history":[{"count":25,"href":"https:\/\/thesavvylearning.com\/pt\/wp-json\/wp\/v2\/pages\/10123\/revisions"}],"predecessor-version":[{"id":10157,"href":"https:\/\/thesavvylearning.com\/pt\/wp-json\/wp\/v2\/pages\/10123\/revisions\/10157"}],"wp:attachment":[{"href":"https:\/\/thesavvylearning.com\/pt\/wp-json\/wp\/v2\/media?parent=10123"}],"curies":[{"name":"wp","href":"https:\/\/api.w.org\/{rel}","templated":true}]}}